{"id":7711,"date":"2020-03-26T17:33:52","date_gmt":"2020-03-26T14:33:52","guid":{"rendered":"http:\/\/localhost\/wordpress\/?page_id=12"},"modified":"2024-01-19T13:32:45","modified_gmt":"2024-01-19T10:32:45","slug":"iletisim","status":"publish","type":"page","link":"https:\/\/www.yuksekbilgili.com\/wordpress\/iletisim\/","title":{"rendered":"\u0130leti\u015fim"},"content":{"rendered":"<div id=\"pl-gb7711-69f3fc5a748d7\"  class=\"panel-layout\" ><div id=\"pg-gb7711-69f3fc5a748d7-0\"  class=\"panel-grid panel-has-style\" ><div class=\"panel-row-style panel-row-style-for-gb7711-69f3fc5a748d7-0\" ><div id=\"pgc-gb7711-69f3fc5a748d7-0-0\"  class=\"panel-grid-cell\" ><div id=\"panel-gb7711-69f3fc5a748d7-0-0-0\" class=\"so-panel widget widget_sow-headline panel-first-child\" data-index=\"0\" ><div\n\t\t\t\n\t\t\tclass=\"so-widget-sow-headline so-widget-sow-headline-default-0c12562acf39-7711\"\n\t\t\t\n\t\t><div class=\"sow-headline-container \">\n\t<h1 class='sow-headline'>\u0130leti\u015fim<\/h1>\t\t\t\t\t<div class=\"decoration\">\n\t\t\t\t\t\t<div class=\"decoration-inside\"><\/div>\n\t\t\t\t\t<\/div>\n\t\t\t\t\t<\/div><\/div><\/div><div id=\"panel-gb7711-69f3fc5a748d7-0-0-1\" class=\"so-panel widget widget_text\" data-index=\"1\" >\t\t\t<div class=\"textwidget\"><p><strong>Telefon 1:<\/strong> <a href=\"tel:0552-899-25-45\">0552 899 25 45<\/a><\/p>\n<p><strong>Telefon 2:<\/strong> <a href=\"tel:0850-224-93-54\">0850 224 93 54<\/a><\/p>\n<p><strong>E-Mail:<\/strong> <a href=\"mailto:info@yuksekbilgili.com\">info@yuksekbilgili.com<\/a><\/p>\n<p><strong>Adres:<\/strong> \u0130stanbul Ayd\u0131n \u00dcniversitesi B\u00fcy\u00fck\u00e7ekmece Kamp\u00fcs\u00fc, Giri\u015f Kat B\u00fcy\u00fck\u00e7ekmece \/ \u0130stanbul<\/p>\n<\/div>\n\t\t<\/div><div id=\"panel-gb7711-69f3fc5a748d7-0-0-2\" class=\"so-panel widget widget_sow-features\" data-index=\"2\" ><div\n\t\t\t\n\t\t\tclass=\"so-widget-sow-features so-widget-sow-features-default-681bb3af1174-7711\"\n\t\t\t\n\t\t>\n<div class=\"sow-features-list sow-features-responsive\">\n\n\t\t\t\t\t\t\t\t\t<div\n\t\t\t\tclass=\"sow-features-feature sow-icon-container-position-top sow-features-feature-last-row\"\n\t\t\t\tstyle=\"display: flex; flex-direction: column; float: left; width: 25%;\"\n\t\t\t>\n\t\t\t\n\t\t\t\t\t\t\t\t\t<a\n\t\t\t\t\t\thref=\"http:\/\/www.linkedin.com\/company\/yuksekbilgili\"\n\t\t\t\t\t\ttarget=\"_blank\" rel=\"noopener noreferrer\"\t\t\t\t\t>\n\t\t\t\t\t\t\t\t<div\n\t\t\t\t\tclass=\"sow-icon-container sow-container-round\"\n\t\t\t\t\tstyle=\"color: #404040; \"\n\t\t\t\t\ttitle=\"Linkedin\">\n\t\t\t\t\t<span class=\"sow-icon-typicons\" data-sow-icon=\"&#xe0f0;\"\n\t\tstyle=\"font-size: 40px; color: #FFFFFF\" \n\t\taria-hidden=\"true\"><\/span>\t\t\t\t<\/div>\n\t\t\t\t\t\t\t\t\t<\/a>\n\t\t\t\t\n\t\t\t\t<div class=\"textwidget\">\n\t\t\t\t\t\n\t\t\t\t\t\n\t\t\t\t\t\n\t\t\t\t\t\t\t\t\t<\/div>\n\t\t\t\t\t\t\t\t\n\t\t\t\t\t\t\t<\/div>\n\n\t\t\t\t\t\t\t\t<div\n\t\t\t\tclass=\"sow-features-feature sow-icon-container-position-top sow-features-feature-last-row\"\n\t\t\t\tstyle=\"display: flex; flex-direction: column; float: left; width: 25%;\"\n\t\t\t>\n\t\t\t\n\t\t\t\t\t\t\t\t\t<a\n\t\t\t\t\t\thref=\"https:\/\/facebook.com\/yuksekbilgiliegitim\"\n\t\t\t\t\t\ttarget=\"_blank\" rel=\"noopener noreferrer\"\t\t\t\t\t>\n\t\t\t\t\t\t\t\t<div\n\t\t\t\t\tclass=\"sow-icon-container sow-container-round\"\n\t\t\t\t\tstyle=\"color: #404040; \"\n\t\t\t\t\ttitle=\"Facebook\">\n\t\t\t\t\t<span class=\"sow-icon-typicons\" data-sow-icon=\"&#xe0e4;\"\n\t\tstyle=\"font-size: 40px; color: #FFFFFF\" \n\t\taria-hidden=\"true\"><\/span>\t\t\t\t<\/div>\n\t\t\t\t\t\t\t\t\t<\/a>\n\t\t\t\t\n\t\t\t\t<div class=\"textwidget\">\n\t\t\t\t\t\n\t\t\t\t\t\n\t\t\t\t\t\n\t\t\t\t\t\t\t\t\t<\/div>\n\t\t\t\t\t\t\t\t\n\t\t\t\t\t\t\t<\/div>\n\n\t\t\t\t\t\t\t\t<div\n\t\t\t\tclass=\"sow-features-feature sow-icon-container-position-top sow-features-feature-last-row\"\n\t\t\t\tstyle=\"display: flex; flex-direction: column; float: left; width: 25%;\"\n\t\t\t>\n\t\t\t\n\t\t\t\t\t\t\t\t\t<a\n\t\t\t\t\t\thref=\"https:\/\/www.instagram.com\/yuksekbilgiliegitim\/\"\n\t\t\t\t\t\ttarget=\"_blank\" rel=\"noopener noreferrer\"\t\t\t\t\t>\n\t\t\t\t\t\t\t\t<div\n\t\t\t\t\tclass=\"sow-icon-container sow-container-round\"\n\t\t\t\t\tstyle=\"color: #404040; \"\n\t\t\t\t\t>\n\t\t\t\t\t<span class=\"sow-icon-genericons\" data-sow-icon=\"&#xf215;\"\n\t\tstyle=\"font-size: 40px; color: #FFFFFF\" \n\t\taria-hidden=\"true\"><\/span>\t\t\t\t<\/div>\n\t\t\t\t\t\t\t\t\t<\/a>\n\t\t\t\t\n\t\t\t\t<div class=\"textwidget\">\n\t\t\t\t\t\n\t\t\t\t\t\n\t\t\t\t\t\n\t\t\t\t\t\t\t\t\t<\/div>\n\t\t\t\t\t\t\t\t\n\t\t\t\t\t\t\t<\/div>\n\n\t\t\t\t\t\t\t\t<div\n\t\t\t\tclass=\"sow-features-feature sow-icon-container-position-top sow-features-feature-last-row\"\n\t\t\t\tstyle=\"display: flex; flex-direction: column; float: left; width: 25%;\"\n\t\t\t>\n\t\t\t\n\t\t\t\t\t\t\t\t\t<a\n\t\t\t\t\t\thref=\"https:\/\/www.youtube.com\/channel\/UCsa2vf8uO-zuLGidbJ6ocZg\"\n\t\t\t\t\t\ttarget=\"_blank\" rel=\"noopener noreferrer\"\t\t\t\t\t>\n\t\t\t\t\t\t\t\t<div\n\t\t\t\t\tclass=\"sow-icon-container sow-container-round\"\n\t\t\t\t\tstyle=\"color: #404040; \"\n\t\t\t\t\ttitle=\"Youtube\">\n\t\t\t\t\t<span class=\"sow-icon-typicons\" data-sow-icon=\"&#xe0fc;\"\n\t\tstyle=\"font-size: 40px; color: #FFFFFF\" \n\t\taria-hidden=\"true\"><\/span>\t\t\t\t<\/div>\n\t\t\t\t\t\t\t\t\t<\/a>\n\t\t\t\t\n\t\t\t\t<div class=\"textwidget\">\n\t\t\t\t\t\n\t\t\t\t\t\n\t\t\t\t\t\n\t\t\t\t\t\t\t\t\t<\/div>\n\t\t\t\t\t\t\t\t\n\t\t\t\t\t\t\t<\/div>\n\n\t\t\t\n<\/div>\n<\/div><\/div><div id=\"panel-gb7711-69f3fc5a748d7-0-0-3\" class=\"so-panel widget widget_text panel-last-child\" data-index=\"3\" >\t\t\t<div class=\"textwidget\"><p>Y\u00dcKSEKB\u0130LG\u0130L\u0130 E\u011e\u0130T\u0130M VE DANI\u015eMANLIK LTD. \u015eT\u0130.<\/p>\n<p>Kep Adresi: <a href=\"mailto:yuksekbilgili@hs05.kep.tr\">yuksekbilgili@hs05.kep.tr\u00a0<\/a><\/p>\n<p>Mersis No.:\u00a0 0086-0467-7030-0012<\/p>\n<\/div>\n\t\t<\/div><\/div><div id=\"pgc-gb7711-69f3fc5a748d7-0-1\"  class=\"panel-grid-cell\" ><div class=\"panel-cell-style panel-cell-style-for-gb7711-69f3fc5a748d7-0-1\" ><div id=\"panel-gb7711-69f3fc5a748d7-0-1-0\" class=\"widget_text so-panel widget widget_custom_html panel-first-child panel-last-child\" data-index=\"4\" ><h3 class=\"widget-title\">Sizi Arayal\u0131m!<\/h3><div class=\"textwidget custom-html-widget\"><div class=\"forminator-ui forminator-custom-form forminator-custom-form-19945 forminator-design--material  forminator_ajax\" data-forminator-render=\"0\" data-form=\"forminator-module-19945\" data-uid=\"69f3fc5a7618d\"><br\/><\/div><form\n\t\t\t\tid=\"forminator-module-19945\"\n\t\t\t\tclass=\"forminator-ui forminator-custom-form forminator-custom-form-19945 forminator-design--material  forminator_ajax\"\n\t\t\t\tmethod=\"post\"\n\t\t\t\tdata-forminator-render=\"0\"\n\t\t\t\tdata-form-id=\"19945\"\n\t\t\t\t\n\t\t\t\tdata-design=\"material\"\n\t\t\t\t\n\t\t\t\t\n\t\t\t\t\n\t\t\t\tdata-grid=\"open\"\n\t\t\t\t\n\t\t\t\t\n\t\t\t\tstyle=\"display: none;\"\n\t\t\t\t\n\t\t\t\tdata-uid=\"69f3fc5a7618d\"\n\t\t\t><div class=\"forminator-response-message forminator-error\" aria-hidden=\"true\"><\/div><div class=\"forminator-row\"><div id=\"name-1\" class=\"forminator-col forminator-col-12 \"><div class=\"forminator-field\"><label for=\"forminator-field-name-1_69f3fc5a7618d\" class=\"forminator-label\">Ad\u0131n\u0131z Soyad\u0131n\u0131z <span class=\"forminator-required\">*<\/span><\/label><input type=\"text\" name=\"name-1\" value=\"\" placeholder=\"\" id=\"forminator-field-name-1_69f3fc5a7618d\" class=\"forminator-input forminator-name--field\" aria-required=\"true\" \/><\/div><\/div><\/div><div class=\"forminator-row\"><div id=\"email-1\" class=\"forminator-col forminator-col-12 \"><div class=\"forminator-field\"><label for=\"forminator-field-email-1_69f3fc5a7618d\" class=\"forminator-label\">E-posta Adresi <span class=\"forminator-required\">*<\/span><\/label><input type=\"email\" name=\"email-1\" value=\"\" placeholder=\"ahmet.yilmaz@abc.com\" id=\"forminator-field-email-1_69f3fc5a7618d\" class=\"forminator-input forminator-email--field\" data-required=\"true\" aria-required=\"true\" \/><\/div><\/div><\/div><div class=\"forminator-row\"><div id=\"phone-1\" class=\"forminator-col forminator-col-12 \"><div class=\"forminator-field\"><label for=\"forminator-field-phone-1_69f3fc5a7618d\" class=\"forminator-label\">Telefon Numaras\u0131 <span class=\"forminator-required\">*<\/span><\/label><input type=\"text\" name=\"phone-1\" value=\"\" placeholder=\"5321234567\" id=\"forminator-field-phone-1_69f3fc5a7618d\" class=\"forminator-input forminator-field--phone\" data-required=\"1\" aria-required=\"true\" autocomplete=\"off\" \/><\/div><\/div><\/div><div class=\"forminator-row\"><div id=\"textarea-1\" class=\"forminator-col forminator-col-12 \"><div class=\"forminator-field\"><label for=\"forminator-field-textarea-1_69f3fc5a7618d\" class=\"forminator-label\">Mesaj<\/label><textarea name=\"textarea-1\" placeholder=\"Mesaj\u0131n\u0131z\u0131 giriniz...\" id=\"forminator-field-textarea-1_69f3fc5a7618d\" class=\"forminator-textarea\" rows=\"6\" style=\"min-height:140px;\" maxlength=\"180\" ><\/textarea><span id=\"forminator-field-textarea-1_69f3fc5a7618d-description\" class=\"forminator-description\"><span data-limit=\"180\" data-type=\"characters\">0 \/ 180<\/span><\/span><\/div><\/div><\/div><div class=\"forminator-row\"><div id=\"captcha-1\" class=\"forminator-col forminator-col-12 \"><div class=\"forminator-g-recaptcha recaptcha-invisible\" data-theme=\"light\" data-badge=\"inline\" data-sitekey=\"6Lc5vRokAAAAAEoMHs5VeMEuczlki8MJ12GA6KPz\" data-size=\"invisible\"><\/div> <\/div><\/div><input type=\"hidden\" name=\"referer_url\" value=\"\" \/><div class=\"forminator-row forminator-row-last\"><div class=\"forminator-col\"><div class=\"forminator-field\"><button class=\"forminator-button forminator-button-submit\"><span>G&ouml;nder<\/span><span aria-hidden=\"true\"><\/span><\/button><\/div><\/div><\/div><input type=\"hidden\" id=\"forminator_nonce\" name=\"forminator_nonce\" value=\"c7c275c2a9\" \/><input type=\"hidden\" name=\"_wp_http_referer\" value=\"\/wordpress\/wp-json\/wp\/v2\/pages\/7711\" \/><input type=\"hidden\" name=\"form_id\" value=\"19945\"><input type=\"hidden\" name=\"page_id\" value=\"0\"><input type=\"hidden\" name=\"form_type\" value=\"default\"><input type=\"hidden\" name=\"current_url\" value=\"\"><input type=\"hidden\" name=\"render_id\" value=\"0\"><input type=\"hidden\" name=\"action\" value=\"forminator_submit_form_custom-forms\"><\/form><\/div><\/div><\/div><\/div><\/div><\/div><\/div>\n\n\n<p><\/p>\n\n\n\n<p><\/p>\n","protected":false},"excerpt":{"rendered":"<p>Telefon 1: 0552 899 25 45 Telefon 2: 0850 224 93 54 E-Mail: info@yuksekbilgili.com Adres: \u0130stanbul Ayd\u0131n \u00dcniversitesi B\u00fcy\u00fck\u00e7ekmece Kamp\u00fcs\u00fc, Giri\u015f Kat B\u00fcy\u00fck\u00e7ekmece \/ \u0130stanbul Y\u00dcKSEKB\u0130LG\u0130L\u0130 E\u011e\u0130T\u0130M VE DANI\u015eMANLIK LTD. \u015eT\u0130. Kep Adresi: yuksekbilgili@hs05.kep.tr\u00a0 Mersis No.:\u00a0 0086-0467-7030-0012<\/p>\n","protected":false},"author":1,"featured_media":0,"parent":0,"menu_order":0,"comment_status":"closed","ping_status":"closed","template":"","meta":{"content-type":"","neve_meta_sidebar":"","neve_meta_container":"full-width","neve_meta_enable_content_width":"on","neve_meta_content_width":100,"neve_meta_title_alignment":"","neve_meta_author_avatar":"","neve_post_elements_order":"","neve_meta_disable_header":"","neve_meta_disable_footer":"","neve_meta_disable_title":"on","_ti_tpc_template_sync":false,"_ti_tpc_template_id":""},"categories":[],"tags":[],"yoast_head":"<!-- This site is optimized with the Yoast SEO plugin v20.3 - https:\/\/yoast.com\/wordpress\/plugins\/seo\/ -->\n<title>\u0130leti\u015fim - Y\u00fcksekbilgili E\u011fitim ve Dan\u0131\u015fmanl\u0131k<\/title>\n<meta name=\"description\" content=\"Organizasyonunuzun her bir bireyine e\u011fitim ve geli\u015fim s\u00fcrecindeki u\u00e7tan uca, e\u011fitim \u00f6ncesi ve sonras\u0131n\u0131 da kapsayan b\u00fct\u00fcnle\u015fik bir \u00f6\u011frenme deneyiminden faydalanabilirsiniz.\" \/>\n<meta name=\"robots\" content=\"index, follow, max-snippet:-1, max-image-preview:large, max-video-preview:-1\" \/>\n<link rel=\"canonical\" href=\"https:\/\/www.yuksekbilgili.com\/wordpress\/iletisim\/\" \/>\n<meta property=\"og:locale\" content=\"tr_TR\" \/>\n<meta property=\"og:type\" content=\"article\" \/>\n<meta property=\"og:title\" content=\"\u0130leti\u015fim - Y\u00fcksekbilgili E\u011fitim ve Dan\u0131\u015fmanl\u0131k\" \/>\n<meta property=\"og:description\" content=\"Organizasyonunuzun her bir bireyine e\u011fitim ve geli\u015fim s\u00fcrecindeki u\u00e7tan uca, e\u011fitim \u00f6ncesi ve sonras\u0131n\u0131 da kapsayan b\u00fct\u00fcnle\u015fik bir \u00f6\u011frenme deneyiminden faydalanabilirsiniz.\" \/>\n<meta property=\"og:url\" content=\"https:\/\/www.yuksekbilgili.com\/wordpress\/iletisim\/\" \/>\n<meta property=\"og:site_name\" content=\"Y\u00fcksekbilgili E\u011fitim ve Dan\u0131\u015fmanl\u0131k\" \/>\n<meta property=\"article:publisher\" content=\"https:\/\/facebook.com\/yuksekbilgiliegitim\" \/>\n<meta property=\"article:modified_time\" content=\"2024-01-19T10:32:45+00:00\" \/>\n<meta name=\"twitter:card\" content=\"summary_large_image\" \/>\n<meta name=\"twitter:label1\" content=\"Tahmini okuma s\u00fcresi\" \/>\n\t<meta name=\"twitter:data1\" content=\"10 dakika\" \/>\n<script type=\"application\/ld+json\" class=\"yoast-schema-graph\">{\"@context\":\"https:\/\/schema.org\",\"@graph\":[{\"@type\":\"WebPage\",\"@id\":\"https:\/\/www.yuksekbilgili.com\/wordpress\/iletisim\/\",\"url\":\"https:\/\/www.yuksekbilgili.com\/wordpress\/iletisim\/\",\"name\":\"\u0130leti\u015fim - Y\u00fcksekbilgili E\u011fitim ve Dan\u0131\u015fmanl\u0131k\",\"isPartOf\":{\"@id\":\"https:\/\/www.yuksekbilgili.com\/wordpress\/#website\"},\"datePublished\":\"2020-03-26T14:33:52+00:00\",\"dateModified\":\"2024-01-19T10:32:45+00:00\",\"description\":\"Organizasyonunuzun her bir bireyine e\u011fitim ve geli\u015fim s\u00fcrecindeki u\u00e7tan uca, e\u011fitim \u00f6ncesi ve sonras\u0131n\u0131 da kapsayan b\u00fct\u00fcnle\u015fik bir \u00f6\u011frenme deneyiminden faydalanabilirsiniz.\",\"breadcrumb\":{\"@id\":\"https:\/\/www.yuksekbilgili.com\/wordpress\/iletisim\/#breadcrumb\"},\"inLanguage\":\"tr\",\"potentialAction\":[{\"@type\":\"ReadAction\",\"target\":[\"https:\/\/www.yuksekbilgili.com\/wordpress\/iletisim\/\"]}]},{\"@type\":\"BreadcrumbList\",\"@id\":\"https:\/\/www.yuksekbilgili.com\/wordpress\/iletisim\/#breadcrumb\",\"itemListElement\":[{\"@type\":\"ListItem\",\"position\":1,\"name\":\"Ana sayfa\",\"item\":\"https:\/\/www.yuksekbilgili.com\/wordpress\/\"},{\"@type\":\"ListItem\",\"position\":2,\"name\":\"\u0130leti\u015fim\"}]},{\"@type\":\"WebSite\",\"@id\":\"https:\/\/www.yuksekbilgili.com\/wordpress\/#website\",\"url\":\"https:\/\/www.yuksekbilgili.com\/wordpress\/\",\"name\":\"Y\u00fcksekbilgili E\u011fitim ve Dan\u0131\u015fmanl\u0131k\",\"description\":\"\u00d6\u011frenme Deneyimi \u00c7\u00f6z\u00fcmleri\",\"publisher\":{\"@id\":\"https:\/\/www.yuksekbilgili.com\/wordpress\/#organization\"},\"potentialAction\":[{\"@type\":\"SearchAction\",\"target\":{\"@type\":\"EntryPoint\",\"urlTemplate\":\"https:\/\/www.yuksekbilgili.com\/wordpress\/?s={search_term_string}\"},\"query-input\":\"required name=search_term_string\"}],\"inLanguage\":\"tr\"},{\"@type\":\"Organization\",\"@id\":\"https:\/\/www.yuksekbilgili.com\/wordpress\/#organization\",\"name\":\"Y\u00fcksekbilgili E\u011fitim ve Dan\u0131\u015fmanl\u0131k Ltd. \u015eti.\",\"url\":\"https:\/\/www.yuksekbilgili.com\/wordpress\/\",\"logo\":{\"@type\":\"ImageObject\",\"inLanguage\":\"tr\",\"@id\":\"https:\/\/www.yuksekbilgili.com\/wordpress\/#\/schema\/logo\/image\/\",\"url\":\"https:\/\/www.yuksekbilgili.com\/wordpress\/wp-content\/uploads\/2020\/11\/yuksekbilgili-logo.png\",\"contentUrl\":\"https:\/\/www.yuksekbilgili.com\/wordpress\/wp-content\/uploads\/2020\/11\/yuksekbilgili-logo.png\",\"width\":3250,\"height\":1000,\"caption\":\"Y\u00fcksekbilgili E\u011fitim ve Dan\u0131\u015fmanl\u0131k Ltd. \u015eti.\"},\"image\":{\"@id\":\"https:\/\/www.yuksekbilgili.com\/wordpress\/#\/schema\/logo\/image\/\"},\"sameAs\":[\"https:\/\/facebook.com\/yuksekbilgiliegitim\",\"https:\/\/www.instagram.com\/yuksekbilgiliegitim\/\",\"http:\/\/www.linkedin.com\/company\/yuksekbilgili\",\"https:\/\/www.youtube.com\/channel\/UCsa2vf8uO-zuLGidbJ6ocZg\"]}]}<\/script>\n<!-- \/ Yoast SEO plugin. -->","yoast_head_json":{"title":"\u0130leti\u015fim - Y\u00fcksekbilgili E\u011fitim ve Dan\u0131\u015fmanl\u0131k","description":"Organizasyonunuzun her bir bireyine e\u011fitim ve geli\u015fim s\u00fcrecindeki u\u00e7tan uca, e\u011fitim \u00f6ncesi ve sonras\u0131n\u0131 da kapsayan b\u00fct\u00fcnle\u015fik bir \u00f6\u011frenme deneyiminden faydalanabilirsiniz.","robots":{"index":"index","follow":"follow","max-snippet":"max-snippet:-1","max-image-preview":"max-image-preview:large","max-video-preview":"max-video-preview:-1"},"canonical":"https:\/\/www.yuksekbilgili.com\/wordpress\/iletisim\/","og_locale":"tr_TR","og_type":"article","og_title":"\u0130leti\u015fim - Y\u00fcksekbilgili E\u011fitim ve Dan\u0131\u015fmanl\u0131k","og_description":"Organizasyonunuzun her bir bireyine e\u011fitim ve geli\u015fim s\u00fcrecindeki u\u00e7tan uca, e\u011fitim \u00f6ncesi ve sonras\u0131n\u0131 da kapsayan b\u00fct\u00fcnle\u015fik bir \u00f6\u011frenme deneyiminden faydalanabilirsiniz.","og_url":"https:\/\/www.yuksekbilgili.com\/wordpress\/iletisim\/","og_site_name":"Y\u00fcksekbilgili E\u011fitim ve Dan\u0131\u015fmanl\u0131k","article_publisher":"https:\/\/facebook.com\/yuksekbilgiliegitim","article_modified_time":"2024-01-19T10:32:45+00:00","twitter_card":"summary_large_image","twitter_misc":{"Tahmini okuma s\u00fcresi":"10 dakika"},"schema":{"@context":"https:\/\/schema.org","@graph":[{"@type":"WebPage","@id":"https:\/\/www.yuksekbilgili.com\/wordpress\/iletisim\/","url":"https:\/\/www.yuksekbilgili.com\/wordpress\/iletisim\/","name":"\u0130leti\u015fim - Y\u00fcksekbilgili E\u011fitim ve Dan\u0131\u015fmanl\u0131k","isPartOf":{"@id":"https:\/\/www.yuksekbilgili.com\/wordpress\/#website"},"datePublished":"2020-03-26T14:33:52+00:00","dateModified":"2024-01-19T10:32:45+00:00","description":"Organizasyonunuzun her bir bireyine e\u011fitim ve geli\u015fim s\u00fcrecindeki u\u00e7tan uca, e\u011fitim \u00f6ncesi ve sonras\u0131n\u0131 da kapsayan b\u00fct\u00fcnle\u015fik bir \u00f6\u011frenme deneyiminden faydalanabilirsiniz.","breadcrumb":{"@id":"https:\/\/www.yuksekbilgili.com\/wordpress\/iletisim\/#breadcrumb"},"inLanguage":"tr","potentialAction":[{"@type":"ReadAction","target":["https:\/\/www.yuksekbilgili.com\/wordpress\/iletisim\/"]}]},{"@type":"BreadcrumbList","@id":"https:\/\/www.yuksekbilgili.com\/wordpress\/iletisim\/#breadcrumb","itemListElement":[{"@type":"ListItem","position":1,"name":"Ana sayfa","item":"https:\/\/www.yuksekbilgili.com\/wordpress\/"},{"@type":"ListItem","position":2,"name":"\u0130leti\u015fim"}]},{"@type":"WebSite","@id":"https:\/\/www.yuksekbilgili.com\/wordpress\/#website","url":"https:\/\/www.yuksekbilgili.com\/wordpress\/","name":"Y\u00fcksekbilgili E\u011fitim ve Dan\u0131\u015fmanl\u0131k","description":"\u00d6\u011frenme Deneyimi \u00c7\u00f6z\u00fcmleri","publisher":{"@id":"https:\/\/www.yuksekbilgili.com\/wordpress\/#organization"},"potentialAction":[{"@type":"SearchAction","target":{"@type":"EntryPoint","urlTemplate":"https:\/\/www.yuksekbilgili.com\/wordpress\/?s={search_term_string}"},"query-input":"required name=search_term_string"}],"inLanguage":"tr"},{"@type":"Organization","@id":"https:\/\/www.yuksekbilgili.com\/wordpress\/#organization","name":"Y\u00fcksekbilgili E\u011fitim ve Dan\u0131\u015fmanl\u0131k Ltd. \u015eti.","url":"https:\/\/www.yuksekbilgili.com\/wordpress\/","logo":{"@type":"ImageObject","inLanguage":"tr","@id":"https:\/\/www.yuksekbilgili.com\/wordpress\/#\/schema\/logo\/image\/","url":"https:\/\/www.yuksekbilgili.com\/wordpress\/wp-content\/uploads\/2020\/11\/yuksekbilgili-logo.png","contentUrl":"https:\/\/www.yuksekbilgili.com\/wordpress\/wp-content\/uploads\/2020\/11\/yuksekbilgili-logo.png","width":3250,"height":1000,"caption":"Y\u00fcksekbilgili E\u011fitim ve Dan\u0131\u015fmanl\u0131k Ltd. \u015eti."},"image":{"@id":"https:\/\/www.yuksekbilgili.com\/wordpress\/#\/schema\/logo\/image\/"},"sameAs":["https:\/\/facebook.com\/yuksekbilgiliegitim","https:\/\/www.instagram.com\/yuksekbilgiliegitim\/","http:\/\/www.linkedin.com\/company\/yuksekbilgili","https:\/\/www.youtube.com\/channel\/UCsa2vf8uO-zuLGidbJ6ocZg"]}]}},"_links":{"self":[{"href":"https:\/\/www.yuksekbilgili.com\/wordpress\/wp-json\/wp\/v2\/pages\/7711"}],"collection":[{"href":"https:\/\/www.yuksekbilgili.com\/wordpress\/wp-json\/wp\/v2\/pages"}],"about":[{"href":"https:\/\/www.yuksekbilgili.com\/wordpress\/wp-json\/wp\/v2\/types\/page"}],"author":[{"embeddable":true,"href":"https:\/\/www.yuksekbilgili.com\/wordpress\/wp-json\/wp\/v2\/users\/1"}],"replies":[{"embeddable":true,"href":"https:\/\/www.yuksekbilgili.com\/wordpress\/wp-json\/wp\/v2\/comments?post=7711"}],"version-history":[{"count":15,"href":"https:\/\/www.yuksekbilgili.com\/wordpress\/wp-json\/wp\/v2\/pages\/7711\/revisions"}],"predecessor-version":[{"id":21076,"href":"https:\/\/www.yuksekbilgili.com\/wordpress\/wp-json\/wp\/v2\/pages\/7711\/revisions\/21076"}],"wp:attachment":[{"href":"https:\/\/www.yuksekbilgili.com\/wordpress\/wp-json\/wp\/v2\/media?parent=7711"}],"wp:term":[{"taxonomy":"category","embeddable":true,"href":"https:\/\/www.yuksekbilgili.com\/wordpress\/wp-json\/wp\/v2\/categories?post=7711"},{"taxonomy":"post_tag","embeddable":true,"href":"https:\/\/www.yuksekbilgili.com\/wordpress\/wp-json\/wp\/v2\/tags?post=7711"}],"curies":[{"name":"wp","href":"https:\/\/api.w.org\/{rel}","templated":true}]}}