{"id":2372,"date":"2020-10-15T14:32:52","date_gmt":"2020-10-15T14:32:52","guid":{"rendered":"http:\/\/localhost\/wordpress\/?page_id=2372"},"modified":"2023-01-20T16:45:55","modified_gmt":"2023-01-20T13:45:55","slug":"acik-egitimler","status":"publish","type":"page","link":"https:\/\/www.yuksekbilgili.com\/wordpress\/acik-egitimler\/","title":{"rendered":"Genel Kat\u0131l\u0131ma A\u00e7\u0131k E\u011fitimler &#038; Etkinlikler"},"content":{"rendered":"<div id=\"pl-gb2372-69de48bceb20f\"  class=\"panel-layout\" ><div id=\"pg-gb2372-69de48bceb20f-0\"  class=\"panel-grid panel-no-style\" ><div id=\"pgc-gb2372-69de48bceb20f-0-0\"  class=\"panel-grid-cell\" ><div class=\"panel-cell-style panel-cell-style-for-gb2372-69de48bceb20f-0-0\" ><div id=\"panel-gb2372-69de48bceb20f-0-0-0\" class=\"so-panel widget widget_siteorigin-panels-builder panel-first-child panel-last-child\" data-index=\"0\" ><div class=\"panel-widget-style panel-widget-style-for-gb2372-69de48bceb20f-0-0-0\" ><div id=\"pl-w63ca9b0d3e43f\"  class=\"panel-layout\" ><div id=\"pg-w63ca9b0d3e43f-0\"  class=\"panel-grid panel-no-style\" ><div id=\"pgc-w63ca9b0d3e43f-0-0\"  class=\"panel-grid-cell panel-grid-cell-empty\" ><\/div><div id=\"pgc-w63ca9b0d3e43f-0-1\"  class=\"panel-grid-cell panel-grid-cell-mobile-last\" ><div id=\"panel-w63ca9b0d3e43f-0-1-0\" class=\"so-panel widget widget_sow-headline panel-first-child panel-last-child\" data-index=\"0\" ><div\n\t\t\t\n\t\t\tclass=\"so-widget-sow-headline so-widget-sow-headline-default-0d72fb93dc84 so-widget-fittext-wrapper\"\n\t\t\t data-fit-text-compressor=\"0.85\"\n\t\t><div class=\"sow-headline-container \">\n\t<h2 class='sow-headline'>Yakla\u015fan Etkinlikler<\/h2>\t\t\t\t\t<div class=\"decoration\">\n\t\t\t\t\t\t<div class=\"decoration-inside\"><\/div>\n\t\t\t\t\t<\/div>\n\t\t\t\t\t<p class='sow-sub-headline'>Genel Kat\u0131l\u0131ma A\u00e7\u0131k E\u011fitimler, Konferanslar, Zirveler<\/p><\/div><\/div><\/div><\/div><div id=\"pgc-w63ca9b0d3e43f-0-2\"  class=\"panel-grid-cell panel-grid-cell-empty\" ><\/div><\/div><div id=\"pg-w63ca9b0d3e43f-1\"  class=\"panel-grid panel-has-style\" ><div class=\"panel-row-style panel-row-style-for-w63ca9b0d3e43f-1\" ><div id=\"pgc-w63ca9b0d3e43f-1-0\"  class=\"panel-grid-cell panel-grid-cell-empty\" ><\/div><div id=\"pgc-w63ca9b0d3e43f-1-1\"  class=\"panel-grid-cell\" ><div class=\"panel-cell-style panel-cell-style-for-w63ca9b0d3e43f-1-1\" ><div id=\"panel-w63ca9b0d3e43f-1-1-0\" class=\"so-panel widget widget_sow-image panel-first-child\" data-index=\"1\" ><div class=\"panel-widget-style panel-widget-style-for-w63ca9b0d3e43f-1-1-0\" ><div\n\t\t\t\n\t\t\tclass=\"so-widget-sow-image so-widget-sow-image-default-17bc2272b535\"\n\t\t\t\n\t\t>\n\n<div class=\"sow-image-container\">\n\t\t\t<a href=\"https:\/\/www.yuksekbilgili.com\/wordpress\/kurumsal-akademiler-zirvesi-2023\/\"\n\t\t\ttarget=\"_blank\" rel=\"noopener noreferrer\" \t\t>\n\t\t\t<img alt=\"\" \t\tclass=\"so-widget-image\"\/>\n\t<\/a><\/div>\n\n<\/div><\/div><\/div><div id=\"panel-w63ca9b0d3e43f-1-1-1\" class=\"so-panel widget widget_sow-headline\" data-index=\"2\" ><div class=\"panel-widget-style panel-widget-style-for-w63ca9b0d3e43f-1-1-1\" ><div\n\t\t\t\n\t\t\tclass=\"so-widget-sow-headline so-widget-sow-headline-default-fc0443970701\"\n\t\t\t\n\t\t><div class=\"sow-headline-container \">\n\t<p class='sow-headline'>Kurumsal Akademiler<br \/>Zirvesi<\/p>\t\t\t\t\t<div class=\"decoration\">\n\t\t\t\t\t\t<div class=\"decoration-inside\"><\/div>\n\t\t\t\t\t<\/div>\n\t\t\t\t\t<p class='sow-sub-headline'>16 Mart 2023 | Hibrit<\/p><\/div><\/div><\/div><\/div><div id=\"panel-w63ca9b0d3e43f-1-1-2\" class=\"so-panel widget widget_sow-button panel-last-child\" data-index=\"3\" ><div class=\"panel-widget-style panel-widget-style-for-w63ca9b0d3e43f-1-1-2\" ><div\n\t\t\t\n\t\t\tclass=\"so-widget-sow-button so-widget-sow-button-flat-9faf0e3082cf\"\n\t\t\t\n\t\t><div class=\"ow-button-base ow-button-align-left\">\n\t<a href=\"https:\/\/www.yuksekbilgili.com\/wordpress\/kurumsal-akademiler-zirvesi-2023\/\" class=\"ow-icon-placement-right\" \t\t>\n\t\t<span>\n\t\t\t\n\t\t\t<span style=\"text-decoration:none\">Detayl\u0131 Bilgi<\/span>\t\t<\/span>\n\t<\/a>\n<\/div>\n<\/div><\/div><\/div><\/div><\/div><div id=\"pgc-w63ca9b0d3e43f-1-2\"  class=\"panel-grid-cell panel-grid-cell-mobile-last\" ><div class=\"panel-cell-style panel-cell-style-for-w63ca9b0d3e43f-1-2\" ><div id=\"panel-w63ca9b0d3e43f-1-2-0\" class=\"so-panel widget widget_sow-image panel-first-child\" data-index=\"4\" ><div class=\"panel-widget-style panel-widget-style-for-w63ca9b0d3e43f-1-2-0\" ><div\n\t\t\t\n\t\t\tclass=\"so-widget-sow-image so-widget-sow-image-default-17bc2272b535\"\n\t\t\t\n\t\t>\n\n<div class=\"sow-image-container\">\n\t\t\t<a href=\"https:\/\/www.yuksekbilgili.com\/wordpress\/kurumsal-akademiler-zirvesi-2023\/\"\n\t\t\ttarget=\"_blank\" rel=\"noopener noreferrer\" \t\t>\n\t\t\t<img decoding=\"async\" src=\"https:\/\/i0.wp.com\/www.yuksekbilgili.com\/wordpress\/wp-content\/uploads\/2023\/01\/esitlik-zirvesi-2023-yatay.jpg?fit=384%2C216&amp;ssl=1\" width=\"384\" height=\"216\" srcset=\"https:\/\/i0.wp.com\/www.yuksekbilgili.com\/wordpress\/wp-content\/uploads\/2023\/01\/esitlik-zirvesi-2023-yatay.jpg?w=960&amp;ssl=1 960w, https:\/\/i0.wp.com\/www.yuksekbilgili.com\/wordpress\/wp-content\/uploads\/2023\/01\/esitlik-zirvesi-2023-yatay.jpg?resize=300%2C169&amp;ssl=1 300w, https:\/\/i0.wp.com\/www.yuksekbilgili.com\/wordpress\/wp-content\/uploads\/2023\/01\/esitlik-zirvesi-2023-yatay.jpg?resize=768%2C432&amp;ssl=1 768w, https:\/\/i0.wp.com\/www.yuksekbilgili.com\/wordpress\/wp-content\/uploads\/2023\/01\/esitlik-zirvesi-2023-yatay.jpg?resize=150%2C84&amp;ssl=1 150w\" alt=\"\" \t\tclass=\"so-widget-image\"\/>\n\t<\/a><\/div>\n\n<\/div><\/div><\/div><div id=\"panel-w63ca9b0d3e43f-1-2-1\" class=\"so-panel widget widget_sow-headline\" data-index=\"5\" ><div class=\"panel-widget-style panel-widget-style-for-w63ca9b0d3e43f-1-2-1\" ><div\n\t\t\t\n\t\t\tclass=\"so-widget-sow-headline so-widget-sow-headline-default-fc0443970701\"\n\t\t\t\n\t\t><div class=\"sow-headline-container \">\n\t<p class='sow-headline'>E\u015fitlik, \u00c7e\u015fitlilik ve Kapsay\u0131c\u0131l\u0131k Zirvesi<\/p>\t\t\t\t\t<div class=\"decoration\">\n\t\t\t\t\t\t<div class=\"decoration-inside\"><\/div>\n\t\t\t\t\t<\/div>\n\t\t\t\t\t<p class='sow-sub-headline'>22 Mart 2023 | Hibrit<\/p><\/div><\/div><\/div><\/div><div id=\"panel-w63ca9b0d3e43f-1-2-2\" class=\"so-panel widget widget_sow-button panel-last-child\" data-index=\"6\" ><div class=\"panel-widget-style panel-widget-style-for-w63ca9b0d3e43f-1-2-2\" ><div\n\t\t\t\n\t\t\tclass=\"so-widget-sow-button so-widget-sow-button-flat-9faf0e3082cf\"\n\t\t\t\n\t\t><div class=\"ow-button-base ow-button-align-left\">\n\t<a href=\"https:\/\/www.yuksekbilgili.com\/wordpress\/esitlilik-cesitlilik-ve-kapsayacilik-zirvesi-2023\/\" class=\"ow-icon-placement-right\" \t\t>\n\t\t<span>\n\t\t\t\n\t\t\t<span style=\"text-decoration:none\">Detayl\u0131 Bilgi<\/span>\t\t<\/span>\n\t<\/a>\n<\/div>\n<\/div><\/div><\/div><\/div><\/div><div id=\"pgc-w63ca9b0d3e43f-1-3\"  class=\"panel-grid-cell panel-grid-cell-empty\" ><\/div><\/div><\/div><\/div><\/div><\/div><\/div><\/div><\/div><div id=\"pg-gb2372-69de48bceb20f-1\"  class=\"panel-grid panel-has-style\" ><div class=\"siteorigin-panels-stretch panel-row-style panel-row-style-for-gb2372-69de48bceb20f-1\" data-stretch-type=\"full\" ><div id=\"pgc-gb2372-69de48bceb20f-1-0\"  class=\"panel-grid-cell\" ><div id=\"panel-gb2372-69de48bceb20f-1-0-0\" class=\"so-panel widget widget_text panel-first-child panel-last-child\" data-index=\"1\" ><div class=\"panel-widget-style panel-widget-style-for-gb2372-69de48bceb20f-1-0-0\" ><h3 class=\"widget-title\">E\u011fitim ve Geli\u015fim<\/h3>\t\t\t<div class=\"textwidget\"><p style=\"line-height: 2em;\"><a style=\"text-decoration: none;\" href=\"https:\/\/www.yuksekbilgili.com\/wordpress\/kurum-ici-kurumsal-egitimler\/\">Kurumsal E\u011fitim Programlar\u0131<\/a><br \/>\n<a style=\"text-decoration: none;\" href=\"https:\/\/www.yuksekbilgili.com\/wordpress\/yuksekbilgili-metaverse-academy\/\">Metaverse&#8217;te E\u011fitim Verme ve Akademi<\/a><br \/>\n<a style=\"text-decoration: none;\" href=\"https:\/\/www.yuksekbilgili.com\/wordpress\/egitim-ihtiyac-analizi\/\">E\u011fitim \u0130htiya\u00e7 Analizi<\/a><br \/>\n<a style=\"text-decoration: none;\" href=\"https:\/\/www.yuksekbilgili.com\/wordpress\/yuksekilgili-teasing-system\/\">Bilgi Hat\u0131rlatma Sistemi<\/a><br \/>\n<a style=\"text-decoration: none;\" href=\"https:\/\/www.yuksekbilgili.com\/wordpress\/yuksekbilgili-mikro-ogrenme\/\">Mikro \u00d6\u011frenme Sistemi<\/a><br \/>\n<a style=\"text-decoration: none;\" href=\"https:\/\/www.yuksekbilgili.com\/wordpress\/akademi-outsourcing\/\">Kurumi\u00e7i Akademi Outsourcing<\/a><\/p>\n<\/div>\n\t\t<\/div><\/div><\/div><div id=\"pgc-gb2372-69de48bceb20f-1-1\"  class=\"panel-grid-cell\" ><div id=\"panel-gb2372-69de48bceb20f-1-1-0\" class=\"so-panel widget widget_text panel-first-child panel-last-child\" data-index=\"2\" ><div class=\"panel-widget-style panel-widget-style-for-gb2372-69de48bceb20f-1-1-0\" ><h3 class=\"widget-title\">A\u00e7\u0131k E\u011fitim ve Etkinlikler<\/h3>\t\t\t<div class=\"textwidget\"><p style=\"line-height: 2em;\"><a style=\"text-decoration: none;\" href=\"https:\/\/www.yuksekbilgili.com\/wordpress\/acik-egitimler\/\">Genel Kat\u0131l\u0131ma A\u00e7\u0131k E\u011fitimler<\/a><br \/>\n<a style=\"text-decoration: none;\" href=\"https:\/\/www.yuksekbilgili.com\/wordpress\/zirveler-ve-kongreler\/\">Zirveler ve Kongreler<\/a><br \/>\n<a style=\"text-decoration: none;\" href=\"https:\/\/www.yuksekbilgili.com\/wordpress\/online-etkinlik-yonetimi\/\">Online Etkinlik Y\u00f6netimi<\/a><br \/>\nMetaverse Etkinlik Tasar\u0131m\u0131 *<\/p>\n<\/div>\n\t\t<\/div><\/div><\/div><div id=\"pgc-gb2372-69de48bceb20f-1-2\"  class=\"panel-grid-cell\" ><div id=\"panel-gb2372-69de48bceb20f-1-2-0\" class=\"widget_text so-panel widget widget_custom_html panel-first-child panel-last-child\" data-index=\"3\" ><div class=\"textwidget custom-html-widget\"><script src=\"\/\/web.webformscr.com\/apps\/fc3\/build\/loader.js\" async sp-form-id=\"8c8f6c4cea436aa41cfe2a309b5ecf039c81a7e9e75eb408e3a0ba2f16bc18ec\"><\/script><\/div><\/div><\/div><\/div><\/div><div id=\"pg-gb2372-69de48bceb20f-2\"  class=\"panel-grid panel-has-style\" ><div class=\"siteorigin-panels-stretch panel-row-style panel-row-style-for-gb2372-69de48bceb20f-2\" data-stretch-type=\"full\" ><div id=\"pgc-gb2372-69de48bceb20f-2-0\"  class=\"panel-grid-cell\" ><div id=\"panel-gb2372-69de48bceb20f-2-0-0\" class=\"so-panel widget widget_text panel-first-child panel-last-child\" data-index=\"4\" ><div class=\"panel-widget-style panel-widget-style-for-gb2372-69de48bceb20f-2-0-0\" >\t\t\t<div class=\"textwidget\"><p style=\"text-align: center;\"><a href=\"https:\/\/yuksekbilgili.com\/wordpress\/kisisel-verilerin-islenmesi-ve-korunmasi-hakkinda-aydinlatma-metni\/\" target=\"_blank\" rel=\"noopener\">KVKK Ayd\u0131nlatma Metni<\/a>\u00a0 |\u00a0 <a href=\"https:\/\/yuksekbilgili.com\/wordpress\/gizlilik-politikasi\/\" target=\"_blank\" rel=\"noopener\">Gizlilik Politikam\u0131z<\/a><\/p>\n<\/div>\n\t\t<\/div><\/div><\/div><\/div><\/div><\/div>","protected":false},"excerpt":{"rendered":"<p>Kurumsal E\u011fitim Programlar\u0131 Metaverse&#8217;te E\u011fitim Verme ve Akademi E\u011fitim \u0130htiya\u00e7 Analizi Bilgi Hat\u0131rlatma Sistemi Mikro \u00d6\u011frenme Sistemi Kurumi\u00e7i Akademi Outsourcing Genel Kat\u0131l\u0131ma A\u00e7\u0131k E\u011fitimler Zirveler ve Kongreler Online Etkinlik Y\u00f6netimi Metaverse Etkinlik Tasar\u0131m\u0131 *<\/p>\n","protected":false},"author":1,"featured_media":0,"parent":0,"menu_order":0,"comment_status":"closed","ping_status":"closed","template":"","meta":{"content-type":"","neve_meta_sidebar":"default","neve_meta_container":"contained","neve_meta_enable_content_width":"on","neve_meta_content_width":100,"neve_meta_title_alignment":"","neve_meta_author_avatar":"","neve_post_elements_order":"","neve_meta_disable_header":"off","neve_meta_disable_footer":"on","neve_meta_disable_title":"on","_ti_tpc_template_sync":false,"_ti_tpc_template_id":""},"categories":[],"tags":[],"yoast_head":"<!-- This site is optimized with the Yoast SEO plugin v20.3 - https:\/\/yoast.com\/wordpress\/plugins\/seo\/ -->\n<title>Genel Kat\u0131l\u0131ma A\u00e7\u0131k E\u011fitimler &amp; Etkinlikler - Y\u00fcksekbilgili E\u011fitim ve Dan\u0131\u015fmanl\u0131k<\/title>\n<meta name=\"description\" content=\"Organizasyonunuzun her bir bireyine e\u011fitim ve geli\u015fim s\u00fcrecindeki u\u00e7tan uca, e\u011fitim \u00f6ncesi ve sonras\u0131n\u0131 da kapsayan b\u00fct\u00fcnle\u015fik bir \u00f6\u011frenme deneyiminden faydalanabilirsiniz.\" \/>\n<meta name=\"robots\" content=\"index, follow, max-snippet:-1, max-image-preview:large, max-video-preview:-1\" \/>\n<link rel=\"canonical\" href=\"https:\/\/www.yuksekbilgili.com\/wordpress\/acik-egitimler\/\" \/>\n<meta property=\"og:locale\" content=\"tr_TR\" \/>\n<meta property=\"og:type\" content=\"article\" \/>\n<meta property=\"og:title\" content=\"Genel Kat\u0131l\u0131ma A\u00e7\u0131k E\u011fitimler &amp; Etkinlikler - Y\u00fcksekbilgili E\u011fitim ve Dan\u0131\u015fmanl\u0131k\" \/>\n<meta property=\"og:description\" content=\"Organizasyonunuzun her bir bireyine e\u011fitim ve geli\u015fim s\u00fcrecindeki u\u00e7tan uca, e\u011fitim \u00f6ncesi ve sonras\u0131n\u0131 da kapsayan b\u00fct\u00fcnle\u015fik bir \u00f6\u011frenme deneyiminden faydalanabilirsiniz.\" \/>\n<meta property=\"og:url\" content=\"https:\/\/www.yuksekbilgili.com\/wordpress\/acik-egitimler\/\" \/>\n<meta property=\"og:site_name\" content=\"Y\u00fcksekbilgili E\u011fitim ve Dan\u0131\u015fmanl\u0131k\" \/>\n<meta property=\"article:publisher\" content=\"https:\/\/facebook.com\/yuksekbilgiliegitim\" \/>\n<meta property=\"article:modified_time\" content=\"2023-01-20T13:45:55+00:00\" \/>\n<meta property=\"og:image\" content=\"https:\/\/www.yuksekbilgili.com\/wordpress\/wp-content\/uploads\/2023\/01\/kurumsal-akademiler-zirvesi-2023-ana-gorsel-1.jpg\" \/>\n<meta name=\"twitter:card\" content=\"summary_large_image\" \/>\n<meta name=\"twitter:label1\" content=\"Tahmini okuma s\u00fcresi\" \/>\n\t<meta name=\"twitter:data1\" content=\"6 dakika\" \/>\n<script type=\"application\/ld+json\" class=\"yoast-schema-graph\">{\"@context\":\"https:\/\/schema.org\",\"@graph\":[{\"@type\":\"WebPage\",\"@id\":\"https:\/\/www.yuksekbilgili.com\/wordpress\/acik-egitimler\/\",\"url\":\"https:\/\/www.yuksekbilgili.com\/wordpress\/acik-egitimler\/\",\"name\":\"Genel Kat\u0131l\u0131ma A\u00e7\u0131k E\u011fitimler & Etkinlikler - Y\u00fcksekbilgili E\u011fitim ve Dan\u0131\u015fmanl\u0131k\",\"isPartOf\":{\"@id\":\"https:\/\/www.yuksekbilgili.com\/wordpress\/#website\"},\"datePublished\":\"2020-10-15T14:32:52+00:00\",\"dateModified\":\"2023-01-20T13:45:55+00:00\",\"description\":\"Organizasyonunuzun her bir bireyine e\u011fitim ve geli\u015fim s\u00fcrecindeki u\u00e7tan uca, e\u011fitim \u00f6ncesi ve sonras\u0131n\u0131 da kapsayan b\u00fct\u00fcnle\u015fik bir \u00f6\u011frenme deneyiminden faydalanabilirsiniz.\",\"breadcrumb\":{\"@id\":\"https:\/\/www.yuksekbilgili.com\/wordpress\/acik-egitimler\/#breadcrumb\"},\"inLanguage\":\"tr\",\"potentialAction\":[{\"@type\":\"ReadAction\",\"target\":[\"https:\/\/www.yuksekbilgili.com\/wordpress\/acik-egitimler\/\"]}]},{\"@type\":\"BreadcrumbList\",\"@id\":\"https:\/\/www.yuksekbilgili.com\/wordpress\/acik-egitimler\/#breadcrumb\",\"itemListElement\":[{\"@type\":\"ListItem\",\"position\":1,\"name\":\"Ana sayfa\",\"item\":\"https:\/\/www.yuksekbilgili.com\/wordpress\/\"},{\"@type\":\"ListItem\",\"position\":2,\"name\":\"Genel Kat\u0131l\u0131ma A\u00e7\u0131k E\u011fitimler &#038; Etkinlikler\"}]},{\"@type\":\"WebSite\",\"@id\":\"https:\/\/www.yuksekbilgili.com\/wordpress\/#website\",\"url\":\"https:\/\/www.yuksekbilgili.com\/wordpress\/\",\"name\":\"Y\u00fcksekbilgili E\u011fitim ve Dan\u0131\u015fmanl\u0131k\",\"description\":\"\u00d6\u011frenme Deneyimi \u00c7\u00f6z\u00fcmleri\",\"publisher\":{\"@id\":\"https:\/\/www.yuksekbilgili.com\/wordpress\/#organization\"},\"potentialAction\":[{\"@type\":\"SearchAction\",\"target\":{\"@type\":\"EntryPoint\",\"urlTemplate\":\"https:\/\/www.yuksekbilgili.com\/wordpress\/?s={search_term_string}\"},\"query-input\":\"required name=search_term_string\"}],\"inLanguage\":\"tr\"},{\"@type\":\"Organization\",\"@id\":\"https:\/\/www.yuksekbilgili.com\/wordpress\/#organization\",\"name\":\"Y\u00fcksekbilgili E\u011fitim ve Dan\u0131\u015fmanl\u0131k Ltd. \u015eti.\",\"url\":\"https:\/\/www.yuksekbilgili.com\/wordpress\/\",\"logo\":{\"@type\":\"ImageObject\",\"inLanguage\":\"tr\",\"@id\":\"https:\/\/www.yuksekbilgili.com\/wordpress\/#\/schema\/logo\/image\/\",\"url\":\"https:\/\/www.yuksekbilgili.com\/wordpress\/wp-content\/uploads\/2020\/11\/yuksekbilgili-logo.png\",\"contentUrl\":\"https:\/\/www.yuksekbilgili.com\/wordpress\/wp-content\/uploads\/2020\/11\/yuksekbilgili-logo.png\",\"width\":3250,\"height\":1000,\"caption\":\"Y\u00fcksekbilgili E\u011fitim ve Dan\u0131\u015fmanl\u0131k Ltd. \u015eti.\"},\"image\":{\"@id\":\"https:\/\/www.yuksekbilgili.com\/wordpress\/#\/schema\/logo\/image\/\"},\"sameAs\":[\"https:\/\/facebook.com\/yuksekbilgiliegitim\",\"https:\/\/www.instagram.com\/yuksekbilgiliegitim\/\",\"http:\/\/www.linkedin.com\/company\/yuksekbilgili\",\"https:\/\/www.youtube.com\/channel\/UCsa2vf8uO-zuLGidbJ6ocZg\"]}]}<\/script>\n<!-- \/ Yoast SEO plugin. -->","yoast_head_json":{"title":"Genel Kat\u0131l\u0131ma A\u00e7\u0131k E\u011fitimler & Etkinlikler - Y\u00fcksekbilgili E\u011fitim ve Dan\u0131\u015fmanl\u0131k","description":"Organizasyonunuzun her bir bireyine e\u011fitim ve geli\u015fim s\u00fcrecindeki u\u00e7tan uca, e\u011fitim \u00f6ncesi ve sonras\u0131n\u0131 da kapsayan b\u00fct\u00fcnle\u015fik bir \u00f6\u011frenme deneyiminden faydalanabilirsiniz.","robots":{"index":"index","follow":"follow","max-snippet":"max-snippet:-1","max-image-preview":"max-image-preview:large","max-video-preview":"max-video-preview:-1"},"canonical":"https:\/\/www.yuksekbilgili.com\/wordpress\/acik-egitimler\/","og_locale":"tr_TR","og_type":"article","og_title":"Genel Kat\u0131l\u0131ma A\u00e7\u0131k E\u011fitimler & Etkinlikler - Y\u00fcksekbilgili E\u011fitim ve Dan\u0131\u015fmanl\u0131k","og_description":"Organizasyonunuzun her bir bireyine e\u011fitim ve geli\u015fim s\u00fcrecindeki u\u00e7tan uca, e\u011fitim \u00f6ncesi ve sonras\u0131n\u0131 da kapsayan b\u00fct\u00fcnle\u015fik bir \u00f6\u011frenme deneyiminden faydalanabilirsiniz.","og_url":"https:\/\/www.yuksekbilgili.com\/wordpress\/acik-egitimler\/","og_site_name":"Y\u00fcksekbilgili E\u011fitim ve Dan\u0131\u015fmanl\u0131k","article_publisher":"https:\/\/facebook.com\/yuksekbilgiliegitim","article_modified_time":"2023-01-20T13:45:55+00:00","og_image":[{"url":"https:\/\/www.yuksekbilgili.com\/wordpress\/wp-content\/uploads\/2023\/01\/kurumsal-akademiler-zirvesi-2023-ana-gorsel-1.jpg"}],"twitter_card":"summary_large_image","twitter_misc":{"Tahmini okuma s\u00fcresi":"6 dakika"},"schema":{"@context":"https:\/\/schema.org","@graph":[{"@type":"WebPage","@id":"https:\/\/www.yuksekbilgili.com\/wordpress\/acik-egitimler\/","url":"https:\/\/www.yuksekbilgili.com\/wordpress\/acik-egitimler\/","name":"Genel Kat\u0131l\u0131ma A\u00e7\u0131k E\u011fitimler & Etkinlikler - Y\u00fcksekbilgili E\u011fitim ve Dan\u0131\u015fmanl\u0131k","isPartOf":{"@id":"https:\/\/www.yuksekbilgili.com\/wordpress\/#website"},"datePublished":"2020-10-15T14:32:52+00:00","dateModified":"2023-01-20T13:45:55+00:00","description":"Organizasyonunuzun her bir bireyine e\u011fitim ve geli\u015fim s\u00fcrecindeki u\u00e7tan uca, e\u011fitim \u00f6ncesi ve sonras\u0131n\u0131 da kapsayan b\u00fct\u00fcnle\u015fik bir \u00f6\u011frenme deneyiminden faydalanabilirsiniz.","breadcrumb":{"@id":"https:\/\/www.yuksekbilgili.com\/wordpress\/acik-egitimler\/#breadcrumb"},"inLanguage":"tr","potentialAction":[{"@type":"ReadAction","target":["https:\/\/www.yuksekbilgili.com\/wordpress\/acik-egitimler\/"]}]},{"@type":"BreadcrumbList","@id":"https:\/\/www.yuksekbilgili.com\/wordpress\/acik-egitimler\/#breadcrumb","itemListElement":[{"@type":"ListItem","position":1,"name":"Ana sayfa","item":"https:\/\/www.yuksekbilgili.com\/wordpress\/"},{"@type":"ListItem","position":2,"name":"Genel Kat\u0131l\u0131ma A\u00e7\u0131k E\u011fitimler &#038; Etkinlikler"}]},{"@type":"WebSite","@id":"https:\/\/www.yuksekbilgili.com\/wordpress\/#website","url":"https:\/\/www.yuksekbilgili.com\/wordpress\/","name":"Y\u00fcksekbilgili E\u011fitim ve Dan\u0131\u015fmanl\u0131k","description":"\u00d6\u011frenme Deneyimi \u00c7\u00f6z\u00fcmleri","publisher":{"@id":"https:\/\/www.yuksekbilgili.com\/wordpress\/#organization"},"potentialAction":[{"@type":"SearchAction","target":{"@type":"EntryPoint","urlTemplate":"https:\/\/www.yuksekbilgili.com\/wordpress\/?s={search_term_string}"},"query-input":"required name=search_term_string"}],"inLanguage":"tr"},{"@type":"Organization","@id":"https:\/\/www.yuksekbilgili.com\/wordpress\/#organization","name":"Y\u00fcksekbilgili E\u011fitim ve Dan\u0131\u015fmanl\u0131k Ltd. \u015eti.","url":"https:\/\/www.yuksekbilgili.com\/wordpress\/","logo":{"@type":"ImageObject","inLanguage":"tr","@id":"https:\/\/www.yuksekbilgili.com\/wordpress\/#\/schema\/logo\/image\/","url":"https:\/\/www.yuksekbilgili.com\/wordpress\/wp-content\/uploads\/2020\/11\/yuksekbilgili-logo.png","contentUrl":"https:\/\/www.yuksekbilgili.com\/wordpress\/wp-content\/uploads\/2020\/11\/yuksekbilgili-logo.png","width":3250,"height":1000,"caption":"Y\u00fcksekbilgili E\u011fitim ve Dan\u0131\u015fmanl\u0131k Ltd. \u015eti."},"image":{"@id":"https:\/\/www.yuksekbilgili.com\/wordpress\/#\/schema\/logo\/image\/"},"sameAs":["https:\/\/facebook.com\/yuksekbilgiliegitim","https:\/\/www.instagram.com\/yuksekbilgiliegitim\/","http:\/\/www.linkedin.com\/company\/yuksekbilgili","https:\/\/www.youtube.com\/channel\/UCsa2vf8uO-zuLGidbJ6ocZg"]}]}},"_links":{"self":[{"href":"https:\/\/www.yuksekbilgili.com\/wordpress\/wp-json\/wp\/v2\/pages\/2372"}],"collection":[{"href":"https:\/\/www.yuksekbilgili.com\/wordpress\/wp-json\/wp\/v2\/pages"}],"about":[{"href":"https:\/\/www.yuksekbilgili.com\/wordpress\/wp-json\/wp\/v2\/types\/page"}],"author":[{"embeddable":true,"href":"https:\/\/www.yuksekbilgili.com\/wordpress\/wp-json\/wp\/v2\/users\/1"}],"replies":[{"embeddable":true,"href":"https:\/\/www.yuksekbilgili.com\/wordpress\/wp-json\/wp\/v2\/comments?post=2372"}],"version-history":[{"count":141,"href":"https:\/\/www.yuksekbilgili.com\/wordpress\/wp-json\/wp\/v2\/pages\/2372\/revisions"}],"predecessor-version":[{"id":19942,"href":"https:\/\/www.yuksekbilgili.com\/wordpress\/wp-json\/wp\/v2\/pages\/2372\/revisions\/19942"}],"wp:attachment":[{"href":"https:\/\/www.yuksekbilgili.com\/wordpress\/wp-json\/wp\/v2\/media?parent=2372"}],"wp:term":[{"taxonomy":"category","embeddable":true,"href":"https:\/\/www.yuksekbilgili.com\/wordpress\/wp-json\/wp\/v2\/categories?post=2372"},{"taxonomy":"post_tag","embeddable":true,"href":"https:\/\/www.yuksekbilgili.com\/wordpress\/wp-json\/wp\/v2\/tags?post=2372"}],"curies":[{"name":"wp","href":"https:\/\/api.w.org\/{rel}","templated":true}]}}