{"id":2366,"date":"2020-10-15T14:30:11","date_gmt":"2020-10-15T11:30:11","guid":{"rendered":"http:\/\/localhost\/wordpress\/?page_id=2366"},"modified":"2020-10-15T14:30:11","modified_gmt":"2020-10-15T11:30:11","slug":"ogrenme-stilleri-envanteri","status":"publish","type":"page","link":"https:\/\/www.yuksekbilgili.com\/wordpress\/ogrenme-stilleri-envanteri\/","title":{"rendered":"\u00d6\u011frenme Stilleri Envanteri"},"content":{"rendered":"<div id=\"pl-gb2366-69e08078a85fb\"  class=\"panel-layout\" ><div id=\"pg-gb2366-69e08078a85fb-0\"  class=\"panel-grid panel-has-style\" ><div class=\"panel-row-style panel-row-style-for-gb2366-69e08078a85fb-0\" ><div id=\"pgc-gb2366-69e08078a85fb-0-0\"  class=\"panel-grid-cell\" ><div id=\"panel-gb2366-69e08078a85fb-0-0-0\" class=\"so-panel widget widget_sow-headline panel-first-child\" data-index=\"0\" ><div\n\t\t\t\n\t\t\tclass=\"so-widget-sow-headline so-widget-sow-headline-default-0c12562acf39-2366\"\n\t\t\t\n\t\t><div class=\"sow-headline-container \">\n\t<h1 class='sow-headline'>\u00d6\u011frenme Stilleri Envanteri<\/h1>\t\t\t\t\t<div class=\"decoration\">\n\t\t\t\t\t\t<div class=\"decoration-inside\"><\/div>\n\t\t\t\t\t<\/div>\n\t\t\t\t\t<\/div><\/div><\/div><div id=\"panel-gb2366-69e08078a85fb-0-0-1\" class=\"so-panel widget widget_text panel-last-child\" data-index=\"1\" ><div class=\"panel-widget-style panel-widget-style-for-gb2366-69e08078a85fb-0-0-1\" >\t\t\t<div class=\"textwidget\"><p><a href=\"..\/kurum-ici-kurumsal-egitimler\/\"><u>Kurum i\u00e7i e\u011fitimler<\/u><\/a>in \u00f6\u011frenmeye d\u00f6n\u00fc\u015fmesi s\u00fcrecinde kurulu\u015flar \u00e7al\u0131\u015fanlar\u0131na ciddi b\u00fct\u00e7elerle yat\u0131r\u0131mlar yap\u0131yorlar. \u0130htiya\u00e7lar\u0131n analizi, organizasyona \u00f6zel bir i\u00e7erik haz\u0131rlanmas\u0131 ve en uygun s\u00fcrenin tespiti ile e\u011fitimlerden al\u0131nan verimi \u00fcst seviyeye \u00e7\u0131karmak istiyorlar. \u0130\u015fletmenin karl\u0131l\u0131\u011f\u0131 ve organizasyonun g\u00fc\u00e7lenmesi amac\u0131yla \u0130nsan Kaynaklar\u0131 ve E\u011fitim Departmanlar\u0131nda yo\u011fun \u00e7al\u0131\u015fmalar yap\u0131l\u0131yor. Ancak her bir bireyin \u00f6\u011frenme s\u00fcrecinde ayn\u0131 oranda geli\u015fimini beklerken ayn\u0131 y\u00f6ntemlerle e\u011fitim ve geli\u015fim \u00e7\u00f6z\u00fcmleri sunuluyor.<\/p>\n<div style=\"float: left; margin-right: 20px;\"><img decoding=\"async\" src=\"..\/wp-content\/uploads\/2020\/10\/ogrenme-stilleri.jpg\" width=\"250\" \/><\/div>\n<p>Yap\u0131lan ara\u015ft\u0131rmalar bireylerin (\u00e7al\u0131\u015fanlar\u0131n) farkl\u0131 stillerle en iyi \u00f6\u011frenme seviyesine ula\u015ft\u0131\u011f\u0131n\u0131 g\u00f6steriyor. Y\u00fcksekbilgili E\u011fitim olarak d\u00fcnyada literat\u00fcre ge\u00e7mi\u015f ve ge\u00e7erlili\u011fi kan\u0131tlanm\u0131\u015f olan &#8220;<strong>\u00d6\u011frenme Stilleri Envanteri<\/strong>&#8221; ile her bir \u00e7al\u0131\u015fan\u0131n\u0131za yapt\u0131\u011f\u0131n\u0131z yat\u0131r\u0131m\u0131n optimum geri d\u00f6n\u00fc\u015f\u00fcn\u00fc alabilmeniz i\u00e7in size ki\u015fisel bazda\u00a0<u>raporlar sunuyoruz<\/u>.<\/p>\n<p>Bu envanter ki\u015filerin (organizasyonlardaki \u00e7al\u0131\u015fanlar\u0131n) tercih etti\u011fi \u00f6\u011frenme stil(ler)ini bulmalar\u0131 i\u00e7in haz\u0131rlanm\u0131\u015ft\u0131r.<\/p>\n<p>Y\u0131llar ge\u00e7tik\u00e7e, insanlar baz\u0131 deneyimlerden di\u011ferlerinden daha fazla fayda sa\u011flamas\u0131na yard\u0131mc\u0131 olan \u00f6\u011frenme al\u0131\u015fkanl\u0131klar\u0131 geli\u015ftirdiler. Muhtemelen bundan habersiz oldu\u011funuzdan, bu envanter, \u00e7al\u0131\u015fanlar\u0131n\u0131z\u0131n \u00f6\u011frenme tercihlerini belirlemenize yard\u0131mc\u0131 olacakt\u0131r, b\u00f6ylece \u00e7al\u0131\u015fanlar\u0131n\u0131z\u0131n stiline uygun \u00f6\u011frenme deneyimlerini se\u00e7mek i\u00e7in daha iyi bir konumda olacaks\u0131n\u0131z.<\/p>\n<\/div>\n\t\t<\/div><\/div><\/div><div id=\"pgc-gb2366-69e08078a85fb-0-1\"  class=\"panel-grid-cell\" ><div class=\"panel-cell-style panel-cell-style-for-gb2366-69e08078a85fb-0-1\" ><div id=\"panel-gb2366-69e08078a85fb-0-1-0\" class=\"so-panel widget widget_sow-contact-form panel-first-child panel-last-child\" data-index=\"2\" ><div class=\"panel-widget-style panel-widget-style-for-gb2366-69e08078a85fb-0-1-0\" ><div\n\t\t\t\n\t\t\tclass=\"so-widget-sow-contact-form so-widget-sow-contact-form-default-8ebb8a33b7a9-2366\"\n\t\t\t\n\t\t><h3 class=\"widget-title\">Size Ula\u015fal\u0131m!<\/h3>\t<form\n\t\taction=\"\/wordpress\/wp-json\/wp\/v2\/pages\/2366\"\n\t\tmethod=\"POST\"\n\t\tclass=\"sow-contact-form\"\n\t\tid=\"contact-form-dc43\"\n\t>\n\n\t\t\n\t\t            <div class=\"sow-form-field sow-form-field-name\"><span class=\"sow-field-container\">\t\t<input\n\t\t\ttype=\"text\"\n\t\t\tname=\"adnz-soyadnz-14193618855f899520ede5c597926305\"\n\t\t\tid=\"sow-contact-form-field-adnz-soyadnz-14193618855f899520ede5c597926305\"\n\t\t\tvalue=\"\"\n\t\t\tclass=\"sow-text-field\"\n\t\t\tplaceholder=\"Ad\u0131n\u0131z Soyad\u0131n\u0131z\"\t\t\/>\n\t\t<\/span><\/div>            <div class=\"sow-form-field sow-form-field-email\"><span class=\"sow-field-container\">\t\t<input\n\t\t\ttype=\"email\"\n\t\t\tname=\"email-adresiniz-14193618855f899520ede5c597926305\"\n\t\t\tid=\"sow-contact-form-field-email-adresiniz-14193618855f899520ede5c597926305\"\n\t\t\tvalue=\"\"\n\t\t\tclass=\"sow-text-field\"placeholder=\"Email Adresiniz\"\t\t\t\t\t\/>\n\t\t<\/span><\/div>            <div class=\"sow-form-field sow-form-field-tel\"><span class=\"sow-field-container\">\t\t<input\n\t\t\ttype=\"tel\"\n\t\t\tname=\"telefon-14193618855f899520ede5c597926305\"\n\t\t\tid=\"sow-contact-form-field-telefon-14193618855f899520ede5c597926305\"\n\t\t\tvalue=\"\"\n\t\t\tclass=\"sow-text-field\"placeholder=\"Telefon\"\t\t\t\t\t\/>\n\t\t<\/span><\/div>            <div class=\"sow-form-field sow-form-field-checkboxes\"><label class=\"sow-form-field-label-inside\" for=\"sow-contact-form-field-talebiniz-14193618855f899520ede5c597926305\">\n\t\t\t\t<strong>\n\t\t\t\t\tTalebiniz\t\t\t\t\t\t\t\t\t<\/strong>\n\t\t\t<\/label>\n\t\t\t<span class=\"sow-field-container\">\t\t\t<ul>\n\t\t\t\t\t\t\t\t\t\t\t\t\t\t<li>\n\t\t\t\t\t\t<input\n\t\t\t\t\t\t\ttype=\"checkbox\"\n\t\t\t\t\t\t\tvalue=\"Teklif Almak \u0130stiyorum.\"\n\t\t\t\t\t\t\tname=\"talebiniz-14193618855f899520ede5c597926305[]\"\n\t\t\t\t\t\t\tid=\"sow-contact-form-field-talebiniz-14193618855f899520ede5c597926305-0\"\n\t\t\t\t\t\t\t\t\t\t\t\t\t\t\t\t\t\t\t\t\/>\n\t\t\t\t\t\t<label for=\"sow-contact-form-field-talebiniz-14193618855f899520ede5c597926305-0\">\n\t\t\t\t\t\t\tTeklif Almak \u0130stiyorum.\t\t\t\t\t\t<\/label>\n\t\t\t\t\t<\/li>\n\t\t\t\t\t\t\t\t\t\t\t\t\t\t<li>\n\t\t\t\t\t\t<input\n\t\t\t\t\t\t\ttype=\"checkbox\"\n\t\t\t\t\t\t\tvalue=\"Bilgi Almak \u0130stiyorum.\"\n\t\t\t\t\t\t\tname=\"talebiniz-14193618855f899520ede5c597926305[]\"\n\t\t\t\t\t\t\tid=\"sow-contact-form-field-talebiniz-14193618855f899520ede5c597926305-1\"\n\t\t\t\t\t\t\t\t\t\t\t\t\t\t\t\t\t\t\t\t\/>\n\t\t\t\t\t\t<label for=\"sow-contact-form-field-talebiniz-14193618855f899520ede5c597926305-1\">\n\t\t\t\t\t\t\tBilgi Almak \u0130stiyorum.\t\t\t\t\t\t<\/label>\n\t\t\t\t\t<\/li>\n\t\t\t\t\t\t\t<\/ul>\n\t\t<\/span><\/div>            <div class=\"sow-form-field sow-form-field-textarea\"><span class=\"sow-field-container\">\t\t<textarea\n\t\t\tname=\"mesajnz-14193618855f899520ede5c597926305\"\n\t\t\tid=\"sow-contact-form-field-mesajnz-14193618855f899520ede5c597926305\"\n\t\t\trows=\"10\"\n\t\t\tplaceholder=\"Mesaj\u0131n\u0131z\"\t\t\t\t\t><\/textarea>\n\t\t<\/span><\/div>\t\t\n\t\t\n\t\t\n\t\t<input type=\"hidden\" name=\"instance_hash\" value=\"dc437976d699197ea86bf141eb2718ac\" \/>\n\t\t<input type=\"hidden\" id=\"_wpnonce\" name=\"_wpnonce\" value=\"6252ccbc75\" \/><input type=\"hidden\" name=\"_wp_http_referer\" value=\"\/wordpress\/wp-json\/wp\/v2\/pages\/2366\" \/>\t\t<div class=\"sow-submit-wrapper sow-submit-styled\">\n\n\t\t<button class=\"sow-submit\"\n\t\t\t\t\t\t\t\t>\n\t\t\tG\u00f6nder\t\t<\/button>\n\n\t\t<\/div>\n\t<\/form>\n\t<\/div><\/div><\/div><\/div><\/div><\/div><\/div><div id=\"pg-gb2366-69e08078a85fb-1\"  class=\"panel-grid panel-has-style\" ><div class=\"panel-row-style panel-row-style-for-gb2366-69e08078a85fb-1\" ><div id=\"pgc-gb2366-69e08078a85fb-1-0\"  class=\"panel-grid-cell\" ><div id=\"panel-gb2366-69e08078a85fb-1-0-0\" class=\"so-panel widget widget_sow-image panel-first-child panel-last-child\" data-index=\"3\" ><div\n\t\t\t\n\t\t\tclass=\"so-widget-sow-image so-widget-sow-image-default-d6014b76747a-2366\"\n\t\t\t\n\t\t>\n\n<div class=\"sow-image-container\">\n\t\t<img alt=\"\" \t\tclass=\"so-widget-image\"\/>\n\t<\/div>\n\n<\/div><\/div><\/div><div id=\"pgc-gb2366-69e08078a85fb-1-1\"  class=\"panel-grid-cell\" ><div id=\"panel-gb2366-69e08078a85fb-1-1-0\" class=\"so-panel widget widget_text panel-first-child panel-last-child\" data-index=\"4\" ><div class=\"panel-widget-style panel-widget-style-for-gb2366-69e08078a85fb-1-1-0\" ><h3 class=\"widget-title\">E\u011fitim ve Geli\u015fim<\/h3>\t\t\t<div class=\"textwidget\"><p><a style=\"color: #fff;\" href=\"..\/kurum-ici-kurumsal-egitimler\/\">Kurum \u0130\u00e7i (Kurumsal) E\u011fitimler<\/a><\/p>\n<p><a style=\"color: #fff;\" href=\"..\/egitim-ihtiyac-analizi-360\/\">E\u011fitim \u0130htiya\u00e7 Analizi 360\u00b0<\/a><\/p>\n<p><a style=\"color: #fff;\" href=\"..\/wordpress\/eeg-ile-ogrenme-olcumu\/\">EEG ile \u00d6\u011frenme \u00d6l\u00e7\u00fcm\u00fc<\/a><\/p>\n<p><a style=\"color: #fff;\" href=\"..\/ogrenme-stilleri-envanteri\/\">\u00d6\u011frenme Stilleri Envanteri<\/a><\/p>\n<p><a style=\"color: #fff;\" href=\"..\/indoor-outdoor-egitimler\/\">Indoor &amp; Outdoor E\u011fitimler<\/a><\/p>\n<\/div>\n\t\t<\/div><\/div><\/div><div id=\"pgc-gb2366-69e08078a85fb-1-2\"  class=\"panel-grid-cell\" ><div id=\"panel-gb2366-69e08078a85fb-1-2-0\" class=\"so-panel widget widget_text panel-first-child panel-last-child\" data-index=\"5\" ><div class=\"panel-widget-style panel-widget-style-for-gb2366-69e08078a85fb-1-2-0\" ><h3 class=\"widget-title\">Etkinlikler<\/h3>\t\t\t<div class=\"textwidget\"><p><a style=\"color: #fff;\" href=\"..\/acik-egitimler\/\">A\u00e7\u0131k E\u011fitimler<\/a><\/p>\n<p><a style=\"color: #fff;\" href=\"..\/zirveler-ve-kongreler\/\">Zirveler ve Kongreler<\/a><\/p>\n<\/div>\n\t\t<\/div><\/div><\/div><div id=\"pgc-gb2366-69e08078a85fb-1-3\"  class=\"panel-grid-cell\" ><div id=\"panel-gb2366-69e08078a85fb-1-3-0\" class=\"so-panel widget widget_sow-headline panel-first-child\" data-index=\"6\" ><div class=\"panel-widget-style panel-widget-style-for-gb2366-69e08078a85fb-1-3-0\" ><div\n\t\t\t\n\t\t\tclass=\"so-widget-sow-headline so-widget-sow-headline-default-7e6d667e82bd-2366\"\n\t\t\t\n\t\t><div class=\"sow-headline-container \">\n\t<h5 class='sow-headline'>E-B\u00fclten Kay\u0131t<\/h5>\t\t\t\t\t<div class=\"decoration\">\n\t\t\t\t\t\t<div class=\"decoration-inside\"><\/div>\n\t\t\t\t\t<\/div>\n\t\t\t\t\t<\/div><\/div><\/div><\/div><div id=\"panel-gb2366-69e08078a85fb-1-3-1\" class=\"so-panel widget widget_sow-contact-form panel-last-child\" data-index=\"7\" ><div\n\t\t\t\n\t\t\tclass=\"so-widget-sow-contact-form so-widget-sow-contact-form-default-194a9021e172-2366\"\n\t\t\t\n\t\t>\t<form\n\t\taction=\"\/wordpress\/wp-json\/wp\/v2\/pages\/2366\"\n\t\tmethod=\"POST\"\n\t\tclass=\"sow-contact-form\"\n\t\tid=\"contact-form-5bb8\"\n\t>\n\n\t\t\n\t\t            <div class=\"sow-form-field sow-form-field-name\"><span class=\"sow-field-container\">\t\t<input\n\t\t\ttype=\"text\"\n\t\t\tname=\"adnz-soyadnz-\"\n\t\t\tid=\"sow-contact-form-field-adnz-soyadnz-\"\n\t\t\tvalue=\"\"\n\t\t\tclass=\"sow-text-field\"\n\t\t\tplaceholder=\"Ad\u0131n\u0131z Soyad\u0131n\u0131z\"\t\t\/>\n\t\t<\/span><\/div>            <div class=\"sow-form-field sow-form-field-email\"><span class=\"sow-field-container\">\t\t<input\n\t\t\ttype=\"email\"\n\t\t\tname=\"email-adresiniz-\"\n\t\t\tid=\"sow-contact-form-field-email-adresiniz-\"\n\t\t\tvalue=\"\"\n\t\t\tclass=\"sow-text-field\"placeholder=\"Email Adresiniz\"\t\t\t\t\t\/>\n\t\t<\/span><\/div>\t\t\n\t\t\n\t\t\n\t\t<input type=\"hidden\" name=\"instance_hash\" value=\"5bb8313564da428f27cfce9b32b5c57d\" \/>\n\t\t<input type=\"hidden\" id=\"_wpnonce\" name=\"_wpnonce\" value=\"6252ccbc75\" \/><input type=\"hidden\" name=\"_wp_http_referer\" value=\"\/wordpress\/wp-json\/wp\/v2\/pages\/2366\" \/>\t\t<div class=\"sow-submit-wrapper sow-submit-styled\">\n\n\t\t<button class=\"sow-submit\"\n\t\t\t\t\t\t\t\t>\n\t\t\tG\u00f6nder\t\t<\/button>\n\n\t\t<\/div>\n\t<\/form>\n\t<\/div><\/div><\/div><\/div><\/div><\/div>","protected":false},"excerpt":{"rendered":"<p>Kurum i\u00e7i e\u011fitimlerin \u00f6\u011frenmeye d\u00f6n\u00fc\u015fmesi s\u00fcrecinde kurulu\u015flar \u00e7al\u0131\u015fanlar\u0131na ciddi b\u00fct\u00e7elerle yat\u0131r\u0131mlar yap\u0131yorlar. \u0130htiya\u00e7lar\u0131n analizi, organizasyona \u00f6zel bir i\u00e7erik haz\u0131rlanmas\u0131 ve en uygun s\u00fcrenin tespiti ile e\u011fitimlerden al\u0131nan verimi \u00fcst seviyeye \u00e7\u0131karmak istiyorlar. \u0130\u015fletmenin karl\u0131l\u0131\u011f\u0131 ve organizasyonun g\u00fc\u00e7lenmesi amac\u0131yla \u0130nsan Kaynaklar\u0131 ve E\u011fitim Departmanlar\u0131nda yo\u011fun \u00e7al\u0131\u015fmalar yap\u0131l\u0131yor. Ancak her bir bireyin \u00f6\u011frenme s\u00fcrecinde ayn\u0131 oranda geli\u015fimini&hellip;&nbsp;<a href=\"https:\/\/www.yuksekbilgili.com\/wordpress\/ogrenme-stilleri-envanteri\/\" class=\"\" rel=\"bookmark\">Daha fazlas\u0131n\u0131 oku &raquo;<span class=\"screen-reader-text\">\u00d6\u011frenme Stilleri Envanteri<\/span><\/a><\/p>\n","protected":false},"author":1,"featured_media":0,"parent":0,"menu_order":0,"comment_status":"closed","ping_status":"closed","template":"","meta":{"content-type":"","neve_meta_sidebar":"full-width","neve_meta_container":"full-width","neve_meta_enable_content_width":"on","neve_meta_content_width":100,"neve_meta_title_alignment":"","neve_meta_author_avatar":"","neve_post_elements_order":"","neve_meta_disable_header":"","neve_meta_disable_footer":"","neve_meta_disable_title":"on","_ti_tpc_template_sync":false,"_ti_tpc_template_id":""},"categories":[],"tags":[],"yoast_head":"<!-- This site is optimized with the Yoast SEO plugin v20.3 - https:\/\/yoast.com\/wordpress\/plugins\/seo\/ -->\n<title>\u00d6\u011frenme Stilleri Envanteri - Y\u00fcksekbilgili E\u011fitim ve Dan\u0131\u015fmanl\u0131k<\/title>\n<meta name=\"description\" content=\"Organizasyonunuzun her bir bireyine e\u011fitim ve geli\u015fim s\u00fcrecindeki u\u00e7tan uca, e\u011fitim \u00f6ncesi ve sonras\u0131n\u0131 da kapsayan b\u00fct\u00fcnle\u015fik bir \u00f6\u011frenme deneyiminden faydalanabilirsiniz.\" \/>\n<meta name=\"robots\" content=\"index, follow, max-snippet:-1, max-image-preview:large, max-video-preview:-1\" \/>\n<link rel=\"canonical\" href=\"https:\/\/www.yuksekbilgili.com\/wordpress\/ogrenme-stilleri-envanteri\/\" \/>\n<meta property=\"og:locale\" content=\"tr_TR\" \/>\n<meta property=\"og:type\" content=\"article\" \/>\n<meta property=\"og:title\" content=\"\u00d6\u011frenme Stilleri Envanteri - Y\u00fcksekbilgili E\u011fitim ve Dan\u0131\u015fmanl\u0131k\" \/>\n<meta property=\"og:description\" content=\"Organizasyonunuzun her bir bireyine e\u011fitim ve geli\u015fim s\u00fcrecindeki u\u00e7tan uca, e\u011fitim \u00f6ncesi ve sonras\u0131n\u0131 da kapsayan b\u00fct\u00fcnle\u015fik bir \u00f6\u011frenme deneyiminden faydalanabilirsiniz.\" \/>\n<meta property=\"og:url\" content=\"https:\/\/www.yuksekbilgili.com\/wordpress\/ogrenme-stilleri-envanteri\/\" \/>\n<meta property=\"og:site_name\" content=\"Y\u00fcksekbilgili E\u011fitim ve Dan\u0131\u015fmanl\u0131k\" \/>\n<meta property=\"article:publisher\" content=\"https:\/\/facebook.com\/yuksekbilgiliegitim\" \/>\n<meta property=\"og:image\" content=\"http:\/\/..\/wp-content\/uploads\/2020\/10\/ogrenme-stilleri.jpg\" \/>\n<meta name=\"twitter:card\" content=\"summary_large_image\" \/>\n<meta name=\"twitter:label1\" content=\"Tahmini okuma s\u00fcresi\" \/>\n\t<meta name=\"twitter:data1\" content=\"2 dakika\" \/>\n<script type=\"application\/ld+json\" class=\"yoast-schema-graph\">{\"@context\":\"https:\/\/schema.org\",\"@graph\":[{\"@type\":\"WebPage\",\"@id\":\"https:\/\/www.yuksekbilgili.com\/wordpress\/ogrenme-stilleri-envanteri\/\",\"url\":\"https:\/\/www.yuksekbilgili.com\/wordpress\/ogrenme-stilleri-envanteri\/\",\"name\":\"\u00d6\u011frenme Stilleri Envanteri - Y\u00fcksekbilgili E\u011fitim ve Dan\u0131\u015fmanl\u0131k\",\"isPartOf\":{\"@id\":\"https:\/\/www.yuksekbilgili.com\/wordpress\/#website\"},\"datePublished\":\"2020-10-15T11:30:11+00:00\",\"dateModified\":\"2020-10-15T11:30:11+00:00\",\"description\":\"Organizasyonunuzun her bir bireyine e\u011fitim ve geli\u015fim s\u00fcrecindeki u\u00e7tan uca, e\u011fitim \u00f6ncesi ve sonras\u0131n\u0131 da kapsayan b\u00fct\u00fcnle\u015fik bir \u00f6\u011frenme deneyiminden faydalanabilirsiniz.\",\"breadcrumb\":{\"@id\":\"https:\/\/www.yuksekbilgili.com\/wordpress\/ogrenme-stilleri-envanteri\/#breadcrumb\"},\"inLanguage\":\"tr\",\"potentialAction\":[{\"@type\":\"ReadAction\",\"target\":[\"https:\/\/www.yuksekbilgili.com\/wordpress\/ogrenme-stilleri-envanteri\/\"]}]},{\"@type\":\"BreadcrumbList\",\"@id\":\"https:\/\/www.yuksekbilgili.com\/wordpress\/ogrenme-stilleri-envanteri\/#breadcrumb\",\"itemListElement\":[{\"@type\":\"ListItem\",\"position\":1,\"name\":\"Ana sayfa\",\"item\":\"https:\/\/www.yuksekbilgili.com\/wordpress\/\"},{\"@type\":\"ListItem\",\"position\":2,\"name\":\"\u00d6\u011frenme Stilleri Envanteri\"}]},{\"@type\":\"WebSite\",\"@id\":\"https:\/\/www.yuksekbilgili.com\/wordpress\/#website\",\"url\":\"https:\/\/www.yuksekbilgili.com\/wordpress\/\",\"name\":\"Y\u00fcksekbilgili E\u011fitim ve Dan\u0131\u015fmanl\u0131k\",\"description\":\"\u00d6\u011frenme Deneyimi \u00c7\u00f6z\u00fcmleri\",\"publisher\":{\"@id\":\"https:\/\/www.yuksekbilgili.com\/wordpress\/#organization\"},\"potentialAction\":[{\"@type\":\"SearchAction\",\"target\":{\"@type\":\"EntryPoint\",\"urlTemplate\":\"https:\/\/www.yuksekbilgili.com\/wordpress\/?s={search_term_string}\"},\"query-input\":\"required name=search_term_string\"}],\"inLanguage\":\"tr\"},{\"@type\":\"Organization\",\"@id\":\"https:\/\/www.yuksekbilgili.com\/wordpress\/#organization\",\"name\":\"Y\u00fcksekbilgili E\u011fitim ve Dan\u0131\u015fmanl\u0131k Ltd. \u015eti.\",\"url\":\"https:\/\/www.yuksekbilgili.com\/wordpress\/\",\"logo\":{\"@type\":\"ImageObject\",\"inLanguage\":\"tr\",\"@id\":\"https:\/\/www.yuksekbilgili.com\/wordpress\/#\/schema\/logo\/image\/\",\"url\":\"https:\/\/www.yuksekbilgili.com\/wordpress\/wp-content\/uploads\/2020\/11\/yuksekbilgili-logo.png\",\"contentUrl\":\"https:\/\/www.yuksekbilgili.com\/wordpress\/wp-content\/uploads\/2020\/11\/yuksekbilgili-logo.png\",\"width\":3250,\"height\":1000,\"caption\":\"Y\u00fcksekbilgili E\u011fitim ve Dan\u0131\u015fmanl\u0131k Ltd. \u015eti.\"},\"image\":{\"@id\":\"https:\/\/www.yuksekbilgili.com\/wordpress\/#\/schema\/logo\/image\/\"},\"sameAs\":[\"https:\/\/facebook.com\/yuksekbilgiliegitim\",\"https:\/\/www.instagram.com\/yuksekbilgiliegitim\/\",\"http:\/\/www.linkedin.com\/company\/yuksekbilgili\",\"https:\/\/www.youtube.com\/channel\/UCsa2vf8uO-zuLGidbJ6ocZg\"]}]}<\/script>\n<!-- \/ Yoast SEO plugin. -->","yoast_head_json":{"title":"\u00d6\u011frenme Stilleri Envanteri - Y\u00fcksekbilgili E\u011fitim ve Dan\u0131\u015fmanl\u0131k","description":"Organizasyonunuzun her bir bireyine e\u011fitim ve geli\u015fim s\u00fcrecindeki u\u00e7tan uca, e\u011fitim \u00f6ncesi ve sonras\u0131n\u0131 da kapsayan b\u00fct\u00fcnle\u015fik bir \u00f6\u011frenme deneyiminden faydalanabilirsiniz.","robots":{"index":"index","follow":"follow","max-snippet":"max-snippet:-1","max-image-preview":"max-image-preview:large","max-video-preview":"max-video-preview:-1"},"canonical":"https:\/\/www.yuksekbilgili.com\/wordpress\/ogrenme-stilleri-envanteri\/","og_locale":"tr_TR","og_type":"article","og_title":"\u00d6\u011frenme Stilleri Envanteri - Y\u00fcksekbilgili E\u011fitim ve Dan\u0131\u015fmanl\u0131k","og_description":"Organizasyonunuzun her bir bireyine e\u011fitim ve geli\u015fim s\u00fcrecindeki u\u00e7tan uca, e\u011fitim \u00f6ncesi ve sonras\u0131n\u0131 da kapsayan b\u00fct\u00fcnle\u015fik bir \u00f6\u011frenme deneyiminden faydalanabilirsiniz.","og_url":"https:\/\/www.yuksekbilgili.com\/wordpress\/ogrenme-stilleri-envanteri\/","og_site_name":"Y\u00fcksekbilgili E\u011fitim ve Dan\u0131\u015fmanl\u0131k","article_publisher":"https:\/\/facebook.com\/yuksekbilgiliegitim","og_image":[{"url":"..\/wp-content\/uploads\/2020\/10\/ogrenme-stilleri.jpg"}],"twitter_card":"summary_large_image","twitter_misc":{"Tahmini okuma s\u00fcresi":"2 dakika"},"schema":{"@context":"https:\/\/schema.org","@graph":[{"@type":"WebPage","@id":"https:\/\/www.yuksekbilgili.com\/wordpress\/ogrenme-stilleri-envanteri\/","url":"https:\/\/www.yuksekbilgili.com\/wordpress\/ogrenme-stilleri-envanteri\/","name":"\u00d6\u011frenme Stilleri Envanteri - Y\u00fcksekbilgili E\u011fitim ve Dan\u0131\u015fmanl\u0131k","isPartOf":{"@id":"https:\/\/www.yuksekbilgili.com\/wordpress\/#website"},"datePublished":"2020-10-15T11:30:11+00:00","dateModified":"2020-10-15T11:30:11+00:00","description":"Organizasyonunuzun her bir bireyine e\u011fitim ve geli\u015fim s\u00fcrecindeki u\u00e7tan uca, e\u011fitim \u00f6ncesi ve sonras\u0131n\u0131 da kapsayan b\u00fct\u00fcnle\u015fik bir \u00f6\u011frenme deneyiminden faydalanabilirsiniz.","breadcrumb":{"@id":"https:\/\/www.yuksekbilgili.com\/wordpress\/ogrenme-stilleri-envanteri\/#breadcrumb"},"inLanguage":"tr","potentialAction":[{"@type":"ReadAction","target":["https:\/\/www.yuksekbilgili.com\/wordpress\/ogrenme-stilleri-envanteri\/"]}]},{"@type":"BreadcrumbList","@id":"https:\/\/www.yuksekbilgili.com\/wordpress\/ogrenme-stilleri-envanteri\/#breadcrumb","itemListElement":[{"@type":"ListItem","position":1,"name":"Ana sayfa","item":"https:\/\/www.yuksekbilgili.com\/wordpress\/"},{"@type":"ListItem","position":2,"name":"\u00d6\u011frenme Stilleri Envanteri"}]},{"@type":"WebSite","@id":"https:\/\/www.yuksekbilgili.com\/wordpress\/#website","url":"https:\/\/www.yuksekbilgili.com\/wordpress\/","name":"Y\u00fcksekbilgili E\u011fitim ve Dan\u0131\u015fmanl\u0131k","description":"\u00d6\u011frenme Deneyimi \u00c7\u00f6z\u00fcmleri","publisher":{"@id":"https:\/\/www.yuksekbilgili.com\/wordpress\/#organization"},"potentialAction":[{"@type":"SearchAction","target":{"@type":"EntryPoint","urlTemplate":"https:\/\/www.yuksekbilgili.com\/wordpress\/?s={search_term_string}"},"query-input":"required name=search_term_string"}],"inLanguage":"tr"},{"@type":"Organization","@id":"https:\/\/www.yuksekbilgili.com\/wordpress\/#organization","name":"Y\u00fcksekbilgili E\u011fitim ve Dan\u0131\u015fmanl\u0131k Ltd. \u015eti.","url":"https:\/\/www.yuksekbilgili.com\/wordpress\/","logo":{"@type":"ImageObject","inLanguage":"tr","@id":"https:\/\/www.yuksekbilgili.com\/wordpress\/#\/schema\/logo\/image\/","url":"https:\/\/www.yuksekbilgili.com\/wordpress\/wp-content\/uploads\/2020\/11\/yuksekbilgili-logo.png","contentUrl":"https:\/\/www.yuksekbilgili.com\/wordpress\/wp-content\/uploads\/2020\/11\/yuksekbilgili-logo.png","width":3250,"height":1000,"caption":"Y\u00fcksekbilgili E\u011fitim ve Dan\u0131\u015fmanl\u0131k Ltd. \u015eti."},"image":{"@id":"https:\/\/www.yuksekbilgili.com\/wordpress\/#\/schema\/logo\/image\/"},"sameAs":["https:\/\/facebook.com\/yuksekbilgiliegitim","https:\/\/www.instagram.com\/yuksekbilgiliegitim\/","http:\/\/www.linkedin.com\/company\/yuksekbilgili","https:\/\/www.youtube.com\/channel\/UCsa2vf8uO-zuLGidbJ6ocZg"]}]}},"_links":{"self":[{"href":"https:\/\/www.yuksekbilgili.com\/wordpress\/wp-json\/wp\/v2\/pages\/2366"}],"collection":[{"href":"https:\/\/www.yuksekbilgili.com\/wordpress\/wp-json\/wp\/v2\/pages"}],"about":[{"href":"https:\/\/www.yuksekbilgili.com\/wordpress\/wp-json\/wp\/v2\/types\/page"}],"author":[{"embeddable":true,"href":"https:\/\/www.yuksekbilgili.com\/wordpress\/wp-json\/wp\/v2\/users\/1"}],"replies":[{"embeddable":true,"href":"https:\/\/www.yuksekbilgili.com\/wordpress\/wp-json\/wp\/v2\/comments?post=2366"}],"version-history":[{"count":0,"href":"https:\/\/www.yuksekbilgili.com\/wordpress\/wp-json\/wp\/v2\/pages\/2366\/revisions"}],"wp:attachment":[{"href":"https:\/\/www.yuksekbilgili.com\/wordpress\/wp-json\/wp\/v2\/media?parent=2366"}],"wp:term":[{"taxonomy":"category","embeddable":true,"href":"https:\/\/www.yuksekbilgili.com\/wordpress\/wp-json\/wp\/v2\/categories?post=2366"},{"taxonomy":"post_tag","embeddable":true,"href":"https:\/\/www.yuksekbilgili.com\/wordpress\/wp-json\/wp\/v2\/tags?post=2366"}],"curies":[{"name":"wp","href":"https:\/\/api.w.org\/{rel}","templated":true}]}}