{"id":2364,"date":"2020-10-15T14:29:21","date_gmt":"2020-10-15T11:29:21","guid":{"rendered":"http:\/\/localhost\/wordpress\/?page_id=2364"},"modified":"2020-11-07T06:33:02","modified_gmt":"2020-11-07T06:33:02","slug":"eeg-ile-ogrenme-olcumu","status":"publish","type":"page","link":"https:\/\/www.yuksekbilgili.com\/wordpress\/eeg-ile-ogrenme-olcumu\/","title":{"rendered":"EEG ile \u00d6\u011frenme \u00d6l\u00e7\u00fcm\u00fc"},"content":{"rendered":"<div id=\"pl-gb2364-69db8af27b5c1\"  class=\"panel-layout\" ><div id=\"pg-gb2364-69db8af27b5c1-0\"  class=\"panel-grid panel-has-style\" ><div class=\"panel-row-style panel-row-style-for-gb2364-69db8af27b5c1-0\" ><div id=\"pgc-gb2364-69db8af27b5c1-0-0\"  class=\"panel-grid-cell\" ><div id=\"panel-gb2364-69db8af27b5c1-0-0-0\" class=\"so-panel widget widget_sow-headline panel-first-child\" data-index=\"0\" ><div\n\t\t\t\n\t\t\tclass=\"so-widget-sow-headline so-widget-sow-headline-default-defaace0e598-2364\"\n\t\t\t\n\t\t><div class=\"sow-headline-container \">\n\t<h1 class='sow-headline'>N\u00f6robilimsel E\u011fitim Etkinli\u011fi \u00d6l\u00e7\u00fcm\u00fc<\/h1>\t\t\t\t\t<div class=\"decoration\">\n\t\t\t\t\t\t<div class=\"decoration-inside\"><\/div>\n\t\t\t\t\t<\/div>\n\t\t\t\t\t<\/div><\/div><\/div><div id=\"panel-gb2364-69db8af27b5c1-0-0-1\" class=\"so-panel widget widget_text panel-last-child\" data-index=\"1\" ><div class=\"panel-widget-style panel-widget-style-for-gb2364-69db8af27b5c1-0-0-1\" >\t\t\t<div class=\"textwidget\"><p>Uzman kadromuz ve EMOTIV beyin sinyalleri alg\u0131lay\u0131c\u0131s\u0131 sistemini kullanarak e\u011fitim etkinli\u011fini kusursuz ve objektif bir \u015fekilde \u00f6l\u00e7\u00fclememektedir.<\/p>\n<div style=\"float: left; margin-right: 20px;\"><img decoding=\"async\" src=\"..\/wp-content\/uploads\/2020\/10\/eeg.png\" width=\"250\" \/><\/div>\n<p>E\u011fitim \u00f6l\u00e7\u00fcmleri \u00f6n ve son test \u00f6rneklemesi tekni\u011fi ile ger\u00e7ekle\u015ftirilmektedir. \u00d6ncelikle e\u011fitmen ile e\u011fitimin ana alanlar\u0131 belirlenmekte ve bu belirlenen ana alanlar ile ilgili testler haz\u0131rlanmaktad\u0131r. Haz\u0131rlanan testler \u00f6n ve son test olarak e\u011fitim \u00f6ncesi ve sonras\u0131 uygulanmaktad\u0131r.<\/p>\n<p>Test uygulamas\u0131 s\u0131ras\u0131nda, e\u011fitim kat\u0131l\u0131mc\u0131lar\u0131 EMOTIV beyin sinyalleri alg\u0131lay\u0131c\u0131s\u0131 sistemini kullanarak \u00f6l\u00e7\u00fcmlere tabi tutulmakta ve farkl\u0131 metrik \u00f6l\u00e7\u00fcmleri ger\u00e7ekle\u015ftirilmektedir.<\/p>\n<p>Epoc Emotive Head Set 14 kanall\u0131 EEG cihaz\u0131 ve EmotivPRO \u00f6zel algoritmas\u0131 ile 6 k\u0131sa ve 6 uzun metrik kullanarak, hem 400 milisaniye baz\u0131nda anl\u0131k ve hem de de\u011ferlendirme s\u00fcresinin t\u00fcm\u00fcne y\u00f6nelik ortalama verileri elde edilmekte ve e\u011fitim program\u0131 i\u00e7in<\/p>\n<ul style=\"margin-left: 20px;\">\n<li>E\u011fitimin,<\/li>\n<li>E\u011fitmenin,<\/li>\n<li>E\u011fitilenin,<\/li>\n<\/ul>\n<p>360<sup>o<\/sup> derece analizi yap\u0131lmaktad\u0131r. Bu analiz ile e\u011fitimin verimini, verimdeki art\u0131lar\u0131n ve eksilerin nereden ve ne sebeple geldi\u011fi raporlanmaktad\u0131r.<\/p>\n<\/div>\n\t\t<\/div><\/div><\/div><div id=\"pgc-gb2364-69db8af27b5c1-0-1\"  class=\"panel-grid-cell\" ><div class=\"panel-cell-style panel-cell-style-for-gb2364-69db8af27b5c1-0-1\" ><div id=\"panel-gb2364-69db8af27b5c1-0-1-0\" class=\"so-panel widget widget_sow-headline panel-first-child\" data-index=\"2\" ><div\n\t\t\t\n\t\t\tclass=\"so-widget-sow-headline so-widget-sow-headline-default-645698eb2e91-2364\"\n\t\t\t\n\t\t><div class=\"sow-headline-container \">\n\t<h1 class='sow-headline'>EEG ile E\u011fitim Etkinli\u011fi \u00d6l\u00e7\u00fcm\u00fc Videosu<\/h1>\t\t\t\t\t<div class=\"decoration\">\n\t\t\t\t\t\t<div class=\"decoration-inside\"><\/div>\n\t\t\t\t\t<\/div>\n\t\t\t\t\t<\/div><\/div><\/div><div id=\"panel-gb2364-69db8af27b5c1-0-1-1\" class=\"so-panel widget widget_media_video\" data-index=\"3\" ><div style=\"width:100%;\" class=\"wp-video\"><!--[if lt IE 9]><script>document.createElement('video');<\/script><![endif]-->\n<video class=\"wp-video-shortcode\" id=\"video-2364-1\" preload=\"metadata\" controls=\"controls\"><source type=\"video\/youtube\" src=\"https:\/\/youtu.be\/KVZ13d_Bq70?_=1\" \/><a href=\"https:\/\/youtu.be\/KVZ13d_Bq70\">https:\/\/youtu.be\/KVZ13d_Bq70<\/a><\/video><\/div><\/div><div id=\"panel-gb2364-69db8af27b5c1-0-1-2\" class=\"so-panel widget widget_sow-contact-form panel-last-child\" data-index=\"4\" ><div class=\"panel-widget-style panel-widget-style-for-gb2364-69db8af27b5c1-0-1-2\" ><div\n\t\t\t\n\t\t\tclass=\"so-widget-sow-contact-form so-widget-sow-contact-form-default-8ebb8a33b7a9-2364\"\n\t\t\t\n\t\t><h3 class=\"widget-title\">Size Ula\u015fal\u0131m!<\/h3>\t<form\n\t\taction=\"\/wordpress\/wp-json\/wp\/v2\/pages\/2364\"\n\t\tmethod=\"POST\"\n\t\tclass=\"sow-contact-form\"\n\t\tid=\"contact-form-dc43\"\n\t>\n\n\t\t\n\t\t            <div class=\"sow-form-field sow-form-field-name\"><span class=\"sow-field-container\">\t\t<input\n\t\t\ttype=\"text\"\n\t\t\tname=\"adnz-soyadnz-14193618855f899520ede5c597926305\"\n\t\t\tid=\"sow-contact-form-field-adnz-soyadnz-14193618855f899520ede5c597926305\"\n\t\t\tvalue=\"\"\n\t\t\tclass=\"sow-text-field\"\n\t\t\tplaceholder=\"Ad\u0131n\u0131z Soyad\u0131n\u0131z\"\t\t\/>\n\t\t<\/span><\/div>            <div class=\"sow-form-field sow-form-field-email\"><span class=\"sow-field-container\">\t\t<input\n\t\t\ttype=\"email\"\n\t\t\tname=\"email-adresiniz-14193618855f899520ede5c597926305\"\n\t\t\tid=\"sow-contact-form-field-email-adresiniz-14193618855f899520ede5c597926305\"\n\t\t\tvalue=\"\"\n\t\t\tclass=\"sow-text-field\"placeholder=\"Email Adresiniz\"\t\t\t\t\t\/>\n\t\t<\/span><\/div>            <div class=\"sow-form-field sow-form-field-tel\"><span class=\"sow-field-container\">\t\t<input\n\t\t\ttype=\"tel\"\n\t\t\tname=\"telefon-14193618855f899520ede5c597926305\"\n\t\t\tid=\"sow-contact-form-field-telefon-14193618855f899520ede5c597926305\"\n\t\t\tvalue=\"\"\n\t\t\tclass=\"sow-text-field\"placeholder=\"Telefon\"\t\t\t\t\t\/>\n\t\t<\/span><\/div>            <div class=\"sow-form-field sow-form-field-checkboxes\"><label class=\"sow-form-field-label-inside\" for=\"sow-contact-form-field-talebiniz-14193618855f899520ede5c597926305\">\n\t\t\t\t<strong>\n\t\t\t\t\tTalebiniz\t\t\t\t\t\t\t\t\t<\/strong>\n\t\t\t<\/label>\n\t\t\t<span class=\"sow-field-container\">\t\t\t<ul>\n\t\t\t\t\t\t\t\t\t\t\t\t\t\t<li>\n\t\t\t\t\t\t<input\n\t\t\t\t\t\t\ttype=\"checkbox\"\n\t\t\t\t\t\t\tvalue=\"Teklif Almak \u0130stiyorum.\"\n\t\t\t\t\t\t\tname=\"talebiniz-14193618855f899520ede5c597926305[]\"\n\t\t\t\t\t\t\tid=\"sow-contact-form-field-talebiniz-14193618855f899520ede5c597926305-0\"\n\t\t\t\t\t\t\t\t\t\t\t\t\t\t\t\t\t\t\t\t\/>\n\t\t\t\t\t\t<label for=\"sow-contact-form-field-talebiniz-14193618855f899520ede5c597926305-0\">\n\t\t\t\t\t\t\tTeklif Almak \u0130stiyorum.\t\t\t\t\t\t<\/label>\n\t\t\t\t\t<\/li>\n\t\t\t\t\t\t\t\t\t\t\t\t\t\t<li>\n\t\t\t\t\t\t<input\n\t\t\t\t\t\t\ttype=\"checkbox\"\n\t\t\t\t\t\t\tvalue=\"Bilgi Almak \u0130stiyorum.\"\n\t\t\t\t\t\t\tname=\"talebiniz-14193618855f899520ede5c597926305[]\"\n\t\t\t\t\t\t\tid=\"sow-contact-form-field-talebiniz-14193618855f899520ede5c597926305-1\"\n\t\t\t\t\t\t\t\t\t\t\t\t\t\t\t\t\t\t\t\t\/>\n\t\t\t\t\t\t<label for=\"sow-contact-form-field-talebiniz-14193618855f899520ede5c597926305-1\">\n\t\t\t\t\t\t\tBilgi Almak \u0130stiyorum.\t\t\t\t\t\t<\/label>\n\t\t\t\t\t<\/li>\n\t\t\t\t\t\t\t<\/ul>\n\t\t<\/span><\/div>            <div class=\"sow-form-field sow-form-field-textarea\"><span class=\"sow-field-container\">\t\t<textarea\n\t\t\tname=\"mesajnz-14193618855f899520ede5c597926305\"\n\t\t\tid=\"sow-contact-form-field-mesajnz-14193618855f899520ede5c597926305\"\n\t\t\trows=\"10\"\n\t\t\tplaceholder=\"Mesaj\u0131n\u0131z\"\t\t\t\t\t><\/textarea>\n\t\t<\/span><\/div>\t\t\n\t\t\n\t\t\n\t\t<input type=\"hidden\" name=\"instance_hash\" value=\"dc437976d699197ea86bf141eb2718ac\" \/>\n\t\t<input type=\"hidden\" id=\"_wpnonce\" name=\"_wpnonce\" value=\"93e7bcf309\" \/><input type=\"hidden\" name=\"_wp_http_referer\" value=\"\/wordpress\/wp-json\/wp\/v2\/pages\/2364\" \/>\t\t<div class=\"sow-submit-wrapper sow-submit-styled\">\n\n\t\t<button class=\"sow-submit\"\n\t\t\t\t\t\t\t\t>\n\t\t\tG\u00f6nder\t\t<\/button>\n\n\t\t<\/div>\n\t<\/form>\n\t<\/div><\/div><\/div><\/div><\/div><\/div><\/div><\/div>","protected":false},"excerpt":{"rendered":"<p>Uzman kadromuz ve EMOTIV beyin sinyalleri alg\u0131lay\u0131c\u0131s\u0131 sistemini kullanarak e\u011fitim etkinli\u011fini kusursuz ve objektif bir \u015fekilde \u00f6l\u00e7\u00fclememektedir. E\u011fitim \u00f6l\u00e7\u00fcmleri \u00f6n ve son test \u00f6rneklemesi tekni\u011fi ile ger\u00e7ekle\u015ftirilmektedir. \u00d6ncelikle e\u011fitmen ile e\u011fitimin ana alanlar\u0131 belirlenmekte ve bu belirlenen ana alanlar ile ilgili testler haz\u0131rlanmaktad\u0131r. Haz\u0131rlanan testler \u00f6n ve son test olarak e\u011fitim \u00f6ncesi ve sonras\u0131 uygulanmaktad\u0131r.&hellip;&nbsp;<a href=\"https:\/\/www.yuksekbilgili.com\/wordpress\/eeg-ile-ogrenme-olcumu\/\" class=\"\" rel=\"bookmark\">Daha fazlas\u0131n\u0131 oku &raquo;<span class=\"screen-reader-text\">EEG ile \u00d6\u011frenme \u00d6l\u00e7\u00fcm\u00fc<\/span><\/a><\/p>\n","protected":false},"author":1,"featured_media":0,"parent":0,"menu_order":0,"comment_status":"closed","ping_status":"closed","template":"","meta":{"content-type":"","neve_meta_sidebar":"full-width","neve_meta_container":"full-width","neve_meta_enable_content_width":"on","neve_meta_content_width":100,"neve_meta_title_alignment":"","neve_meta_author_avatar":"","neve_post_elements_order":"","neve_meta_disable_header":"","neve_meta_disable_footer":"","neve_meta_disable_title":"on","_ti_tpc_template_sync":false,"_ti_tpc_template_id":""},"categories":[],"tags":[],"yoast_head":"<!-- This site is optimized with the Yoast SEO plugin v20.3 - https:\/\/yoast.com\/wordpress\/plugins\/seo\/ -->\n<title>EEG ile \u00d6\u011frenme \u00d6l\u00e7\u00fcm\u00fc - Y\u00fcksekbilgili E\u011fitim ve Dan\u0131\u015fmanl\u0131k<\/title>\n<meta name=\"description\" content=\"Organizasyonunuzun her bir bireyine e\u011fitim ve geli\u015fim s\u00fcrecindeki u\u00e7tan uca, e\u011fitim \u00f6ncesi ve sonras\u0131n\u0131 da kapsayan b\u00fct\u00fcnle\u015fik bir \u00f6\u011frenme deneyiminden faydalanabilirsiniz.\" \/>\n<meta name=\"robots\" content=\"index, follow, max-snippet:-1, max-image-preview:large, max-video-preview:-1\" \/>\n<link rel=\"canonical\" href=\"https:\/\/www.yuksekbilgili.com\/wordpress\/eeg-ile-ogrenme-olcumu\/\" \/>\n<meta property=\"og:locale\" content=\"tr_TR\" \/>\n<meta property=\"og:type\" content=\"article\" \/>\n<meta property=\"og:title\" content=\"EEG ile \u00d6\u011frenme \u00d6l\u00e7\u00fcm\u00fc - Y\u00fcksekbilgili E\u011fitim ve Dan\u0131\u015fmanl\u0131k\" \/>\n<meta property=\"og:description\" content=\"Organizasyonunuzun her bir bireyine e\u011fitim ve geli\u015fim s\u00fcrecindeki u\u00e7tan uca, e\u011fitim \u00f6ncesi ve sonras\u0131n\u0131 da kapsayan b\u00fct\u00fcnle\u015fik bir \u00f6\u011frenme deneyiminden faydalanabilirsiniz.\" \/>\n<meta property=\"og:url\" content=\"https:\/\/www.yuksekbilgili.com\/wordpress\/eeg-ile-ogrenme-olcumu\/\" \/>\n<meta property=\"og:site_name\" content=\"Y\u00fcksekbilgili E\u011fitim ve Dan\u0131\u015fmanl\u0131k\" \/>\n<meta property=\"article:publisher\" content=\"https:\/\/facebook.com\/yuksekbilgiliegitim\" \/>\n<meta property=\"article:modified_time\" content=\"2020-11-07T06:33:02+00:00\" \/>\n<meta property=\"og:image\" content=\"http:\/\/..\/wp-content\/uploads\/2020\/10\/eeg.png\" \/>\n<meta name=\"twitter:card\" content=\"summary_large_image\" \/>\n<meta name=\"twitter:label1\" content=\"Tahmini okuma s\u00fcresi\" \/>\n\t<meta name=\"twitter:data1\" content=\"1 dakika\" \/>\n<script type=\"application\/ld+json\" class=\"yoast-schema-graph\">{\"@context\":\"https:\/\/schema.org\",\"@graph\":[{\"@type\":\"WebPage\",\"@id\":\"https:\/\/www.yuksekbilgili.com\/wordpress\/eeg-ile-ogrenme-olcumu\/\",\"url\":\"https:\/\/www.yuksekbilgili.com\/wordpress\/eeg-ile-ogrenme-olcumu\/\",\"name\":\"EEG ile \u00d6\u011frenme \u00d6l\u00e7\u00fcm\u00fc - Y\u00fcksekbilgili E\u011fitim ve Dan\u0131\u015fmanl\u0131k\",\"isPartOf\":{\"@id\":\"https:\/\/www.yuksekbilgili.com\/wordpress\/#website\"},\"datePublished\":\"2020-10-15T11:29:21+00:00\",\"dateModified\":\"2020-11-07T06:33:02+00:00\",\"description\":\"Organizasyonunuzun her bir bireyine e\u011fitim ve geli\u015fim s\u00fcrecindeki u\u00e7tan uca, e\u011fitim \u00f6ncesi ve sonras\u0131n\u0131 da kapsayan b\u00fct\u00fcnle\u015fik bir \u00f6\u011frenme deneyiminden faydalanabilirsiniz.\",\"breadcrumb\":{\"@id\":\"https:\/\/www.yuksekbilgili.com\/wordpress\/eeg-ile-ogrenme-olcumu\/#breadcrumb\"},\"inLanguage\":\"tr\",\"potentialAction\":[{\"@type\":\"ReadAction\",\"target\":[\"https:\/\/www.yuksekbilgili.com\/wordpress\/eeg-ile-ogrenme-olcumu\/\"]}]},{\"@type\":\"BreadcrumbList\",\"@id\":\"https:\/\/www.yuksekbilgili.com\/wordpress\/eeg-ile-ogrenme-olcumu\/#breadcrumb\",\"itemListElement\":[{\"@type\":\"ListItem\",\"position\":1,\"name\":\"Ana sayfa\",\"item\":\"https:\/\/www.yuksekbilgili.com\/wordpress\/\"},{\"@type\":\"ListItem\",\"position\":2,\"name\":\"EEG ile \u00d6\u011frenme \u00d6l\u00e7\u00fcm\u00fc\"}]},{\"@type\":\"WebSite\",\"@id\":\"https:\/\/www.yuksekbilgili.com\/wordpress\/#website\",\"url\":\"https:\/\/www.yuksekbilgili.com\/wordpress\/\",\"name\":\"Y\u00fcksekbilgili E\u011fitim ve Dan\u0131\u015fmanl\u0131k\",\"description\":\"\u00d6\u011frenme Deneyimi \u00c7\u00f6z\u00fcmleri\",\"publisher\":{\"@id\":\"https:\/\/www.yuksekbilgili.com\/wordpress\/#organization\"},\"potentialAction\":[{\"@type\":\"SearchAction\",\"target\":{\"@type\":\"EntryPoint\",\"urlTemplate\":\"https:\/\/www.yuksekbilgili.com\/wordpress\/?s={search_term_string}\"},\"query-input\":\"required name=search_term_string\"}],\"inLanguage\":\"tr\"},{\"@type\":\"Organization\",\"@id\":\"https:\/\/www.yuksekbilgili.com\/wordpress\/#organization\",\"name\":\"Y\u00fcksekbilgili E\u011fitim ve Dan\u0131\u015fmanl\u0131k Ltd. \u015eti.\",\"url\":\"https:\/\/www.yuksekbilgili.com\/wordpress\/\",\"logo\":{\"@type\":\"ImageObject\",\"inLanguage\":\"tr\",\"@id\":\"https:\/\/www.yuksekbilgili.com\/wordpress\/#\/schema\/logo\/image\/\",\"url\":\"https:\/\/www.yuksekbilgili.com\/wordpress\/wp-content\/uploads\/2020\/11\/yuksekbilgili-logo.png\",\"contentUrl\":\"https:\/\/www.yuksekbilgili.com\/wordpress\/wp-content\/uploads\/2020\/11\/yuksekbilgili-logo.png\",\"width\":3250,\"height\":1000,\"caption\":\"Y\u00fcksekbilgili E\u011fitim ve Dan\u0131\u015fmanl\u0131k Ltd. \u015eti.\"},\"image\":{\"@id\":\"https:\/\/www.yuksekbilgili.com\/wordpress\/#\/schema\/logo\/image\/\"},\"sameAs\":[\"https:\/\/facebook.com\/yuksekbilgiliegitim\",\"https:\/\/www.instagram.com\/yuksekbilgiliegitim\/\",\"http:\/\/www.linkedin.com\/company\/yuksekbilgili\",\"https:\/\/www.youtube.com\/channel\/UCsa2vf8uO-zuLGidbJ6ocZg\"]}]}<\/script>\n<!-- \/ Yoast SEO plugin. -->","yoast_head_json":{"title":"EEG ile \u00d6\u011frenme \u00d6l\u00e7\u00fcm\u00fc - Y\u00fcksekbilgili E\u011fitim ve Dan\u0131\u015fmanl\u0131k","description":"Organizasyonunuzun her bir bireyine e\u011fitim ve geli\u015fim s\u00fcrecindeki u\u00e7tan uca, e\u011fitim \u00f6ncesi ve sonras\u0131n\u0131 da kapsayan b\u00fct\u00fcnle\u015fik bir \u00f6\u011frenme deneyiminden faydalanabilirsiniz.","robots":{"index":"index","follow":"follow","max-snippet":"max-snippet:-1","max-image-preview":"max-image-preview:large","max-video-preview":"max-video-preview:-1"},"canonical":"https:\/\/www.yuksekbilgili.com\/wordpress\/eeg-ile-ogrenme-olcumu\/","og_locale":"tr_TR","og_type":"article","og_title":"EEG ile \u00d6\u011frenme \u00d6l\u00e7\u00fcm\u00fc - Y\u00fcksekbilgili E\u011fitim ve Dan\u0131\u015fmanl\u0131k","og_description":"Organizasyonunuzun her bir bireyine e\u011fitim ve geli\u015fim s\u00fcrecindeki u\u00e7tan uca, e\u011fitim \u00f6ncesi ve sonras\u0131n\u0131 da kapsayan b\u00fct\u00fcnle\u015fik bir \u00f6\u011frenme deneyiminden faydalanabilirsiniz.","og_url":"https:\/\/www.yuksekbilgili.com\/wordpress\/eeg-ile-ogrenme-olcumu\/","og_site_name":"Y\u00fcksekbilgili E\u011fitim ve Dan\u0131\u015fmanl\u0131k","article_publisher":"https:\/\/facebook.com\/yuksekbilgiliegitim","article_modified_time":"2020-11-07T06:33:02+00:00","og_image":[{"url":"..\/wp-content\/uploads\/2020\/10\/eeg.png"}],"twitter_card":"summary_large_image","twitter_misc":{"Tahmini okuma s\u00fcresi":"1 dakika"},"schema":{"@context":"https:\/\/schema.org","@graph":[{"@type":"WebPage","@id":"https:\/\/www.yuksekbilgili.com\/wordpress\/eeg-ile-ogrenme-olcumu\/","url":"https:\/\/www.yuksekbilgili.com\/wordpress\/eeg-ile-ogrenme-olcumu\/","name":"EEG ile \u00d6\u011frenme \u00d6l\u00e7\u00fcm\u00fc - Y\u00fcksekbilgili E\u011fitim ve Dan\u0131\u015fmanl\u0131k","isPartOf":{"@id":"https:\/\/www.yuksekbilgili.com\/wordpress\/#website"},"datePublished":"2020-10-15T11:29:21+00:00","dateModified":"2020-11-07T06:33:02+00:00","description":"Organizasyonunuzun her bir bireyine e\u011fitim ve geli\u015fim s\u00fcrecindeki u\u00e7tan uca, e\u011fitim \u00f6ncesi ve sonras\u0131n\u0131 da kapsayan b\u00fct\u00fcnle\u015fik bir \u00f6\u011frenme deneyiminden faydalanabilirsiniz.","breadcrumb":{"@id":"https:\/\/www.yuksekbilgili.com\/wordpress\/eeg-ile-ogrenme-olcumu\/#breadcrumb"},"inLanguage":"tr","potentialAction":[{"@type":"ReadAction","target":["https:\/\/www.yuksekbilgili.com\/wordpress\/eeg-ile-ogrenme-olcumu\/"]}]},{"@type":"BreadcrumbList","@id":"https:\/\/www.yuksekbilgili.com\/wordpress\/eeg-ile-ogrenme-olcumu\/#breadcrumb","itemListElement":[{"@type":"ListItem","position":1,"name":"Ana sayfa","item":"https:\/\/www.yuksekbilgili.com\/wordpress\/"},{"@type":"ListItem","position":2,"name":"EEG ile \u00d6\u011frenme \u00d6l\u00e7\u00fcm\u00fc"}]},{"@type":"WebSite","@id":"https:\/\/www.yuksekbilgili.com\/wordpress\/#website","url":"https:\/\/www.yuksekbilgili.com\/wordpress\/","name":"Y\u00fcksekbilgili E\u011fitim ve Dan\u0131\u015fmanl\u0131k","description":"\u00d6\u011frenme Deneyimi \u00c7\u00f6z\u00fcmleri","publisher":{"@id":"https:\/\/www.yuksekbilgili.com\/wordpress\/#organization"},"potentialAction":[{"@type":"SearchAction","target":{"@type":"EntryPoint","urlTemplate":"https:\/\/www.yuksekbilgili.com\/wordpress\/?s={search_term_string}"},"query-input":"required name=search_term_string"}],"inLanguage":"tr"},{"@type":"Organization","@id":"https:\/\/www.yuksekbilgili.com\/wordpress\/#organization","name":"Y\u00fcksekbilgili E\u011fitim ve Dan\u0131\u015fmanl\u0131k Ltd. \u015eti.","url":"https:\/\/www.yuksekbilgili.com\/wordpress\/","logo":{"@type":"ImageObject","inLanguage":"tr","@id":"https:\/\/www.yuksekbilgili.com\/wordpress\/#\/schema\/logo\/image\/","url":"https:\/\/www.yuksekbilgili.com\/wordpress\/wp-content\/uploads\/2020\/11\/yuksekbilgili-logo.png","contentUrl":"https:\/\/www.yuksekbilgili.com\/wordpress\/wp-content\/uploads\/2020\/11\/yuksekbilgili-logo.png","width":3250,"height":1000,"caption":"Y\u00fcksekbilgili E\u011fitim ve Dan\u0131\u015fmanl\u0131k Ltd. \u015eti."},"image":{"@id":"https:\/\/www.yuksekbilgili.com\/wordpress\/#\/schema\/logo\/image\/"},"sameAs":["https:\/\/facebook.com\/yuksekbilgiliegitim","https:\/\/www.instagram.com\/yuksekbilgiliegitim\/","http:\/\/www.linkedin.com\/company\/yuksekbilgili","https:\/\/www.youtube.com\/channel\/UCsa2vf8uO-zuLGidbJ6ocZg"]}]}},"_links":{"self":[{"href":"https:\/\/www.yuksekbilgili.com\/wordpress\/wp-json\/wp\/v2\/pages\/2364"}],"collection":[{"href":"https:\/\/www.yuksekbilgili.com\/wordpress\/wp-json\/wp\/v2\/pages"}],"about":[{"href":"https:\/\/www.yuksekbilgili.com\/wordpress\/wp-json\/wp\/v2\/types\/page"}],"author":[{"embeddable":true,"href":"https:\/\/www.yuksekbilgili.com\/wordpress\/wp-json\/wp\/v2\/users\/1"}],"replies":[{"embeddable":true,"href":"https:\/\/www.yuksekbilgili.com\/wordpress\/wp-json\/wp\/v2\/comments?post=2364"}],"version-history":[{"count":0,"href":"https:\/\/www.yuksekbilgili.com\/wordpress\/wp-json\/wp\/v2\/pages\/2364\/revisions"}],"wp:attachment":[{"href":"https:\/\/www.yuksekbilgili.com\/wordpress\/wp-json\/wp\/v2\/media?parent=2364"}],"wp:term":[{"taxonomy":"category","embeddable":true,"href":"https:\/\/www.yuksekbilgili.com\/wordpress\/wp-json\/wp\/v2\/categories?post=2364"},{"taxonomy":"post_tag","embeddable":true,"href":"https:\/\/www.yuksekbilgili.com\/wordpress\/wp-json\/wp\/v2\/tags?post=2364"}],"curies":[{"name":"wp","href":"https:\/\/api.w.org\/{rel}","templated":true}]}}