{"id":12870,"date":"2021-03-16T14:13:23","date_gmt":"2021-03-16T14:13:23","guid":{"rendered":"https:\/\/www.yuksekbilgili.com\/wordpress\/?page_id=12870"},"modified":"2024-12-26T17:52:01","modified_gmt":"2024-12-26T14:52:01","slug":"politika-ve-ilkelerimiz","status":"publish","type":"page","link":"https:\/\/www.yuksekbilgili.com\/wordpress\/politika-ve-ilkelerimiz\/","title":{"rendered":"Politika ve \u0130lkelerimiz"},"content":{"rendered":"\n<p><\/p>\n\n\n<div id=\"pl-gb12870-69f27c84868a3\"  class=\"panel-layout\" ><div id=\"pg-gb12870-69f27c84868a3-0\"  class=\"panel-grid panel-has-style\" ><div class=\"panel-row-style panel-row-style-for-gb12870-69f27c84868a3-0\" ><div id=\"pgc-gb12870-69f27c84868a3-0-0\"  class=\"panel-grid-cell\" ><div id=\"panel-gb12870-69f27c84868a3-0-0-0\" class=\"so-panel widget widget_sow-headline panel-first-child\" data-index=\"0\" ><div\n\t\t\t\n\t\t\tclass=\"so-widget-sow-headline so-widget-sow-headline-default-3cb5b8974a22-12870\"\n\t\t\t\n\t\t><div class=\"sow-headline-container \">\n\t<h1 class='sow-headline'>Politika ve \u0130lkelerimiz<\/h1>\t\t\t\t\t<div class=\"decoration\">\n\t\t\t\t\t\t<div class=\"decoration-inside\"><\/div>\n\t\t\t\t\t<\/div>\n\t\t\t\t\t<\/div><\/div><\/div><div id=\"panel-gb12870-69f27c84868a3-0-0-1\" class=\"so-panel widget widget_text\" data-index=\"1\" ><div class=\"panel-widget-style panel-widget-style-for-gb12870-69f27c84868a3-0-0-1\" >\t\t\t<div class=\"textwidget\"><h5>Misyonumuz<\/h5>\n<p>Hizmet verilen ki\u015fi ve kurumlar\u0131n geli\u015fimine ve de\u011fi\u015fimine yard\u0131mc\u0131 olacak e\u011fitim organizasyonlar\u0131 yapmak ve dan\u0131\u015fmanl\u0131k hizmetleri sunmakt\u0131r.<\/p>\n<h5>Vizyonumuz<\/h5>\n<p>Hizmet verdi\u011fi ki\u015filerin ve kurumlar\u0131n geli\u015fimini destekleyen ve alanlar\u0131nda lider konuma gelmelerini sa\u011flayan sayg\u0131n bir kurum olmakt\u0131r.<\/p>\n<h5>Kalite Politikam\u0131z<\/h5>\n<p>T\u00fcrkiye\u2019nin ekonomisini olu\u015fturan i\u015fletmelerimizin; \u201cy\u00f6netim, \u00fcretim, istihdam\u201d s\u00fcre\u00e7lerinin Avrupa Birli\u011fi\u2019 ne kolay uyum sa\u011flayabilmeleri i\u00e7in kurumsal geli\u015fimlerine katk\u0131 sa\u011flamak, bu do\u011frultuda m\u00fc\u015fteri odakl\u0131, konusunda uzman ve deneyimli kadrosuyla dan\u0131\u015fmanl\u0131k ve e\u011fitim hizmetlerini; ilk defas\u0131nda ve her defas\u0131nda d\u00fcr\u00fcstl\u00fck, gizlilik ve taahh\u00fctlerine ba\u011fl\u0131 kalarak, yasal mevzuatlara uyarak, \u00e7evreye duyarl\u0131 ve \u00e7al\u0131\u015fanlar\u0131n g\u00fcvenli\u011fi \u00f6nceleyerek \u00fclkemize kar\u015f\u0131 olan sorumlulu\u011fumuzu en iyi \u015fekilde yerine getirmektir.<strong>\u00a0\u00a0\u00a0\u00a0\u00a0\u00a0\u00a0\u00a0\u00a0\u00a0\u00a0 <\/strong><\/p>\n<p data-sourcepos=\"5:1-5:142\">Y\u00fcksekbilgili E\u011fitim ve Dan\u0131\u015fmanl\u0131k, kalite ve sosyal sorumluluk ilkelerine olan ba\u011fl\u0131l\u0131\u011f\u0131n\u0131 somutla\u015ft\u0131rmak amac\u0131yla \u00e7e\u015fitli uluslararas\u0131 standartlar\u0131 benimsemi\u015ftir.<\/p>\n<ul data-sourcepos=\"7:1-12:0\">\n<li data-sourcepos=\"7:1-7:186\"><strong>Kalite Y\u00f6netimi:<\/strong> 2020 y\u0131l\u0131nda ISO 9001:2015 Kalite Y\u00f6netim Sistemi belgesi alarak, t\u00fcm s\u00fcre\u00e7lerimizde s\u00fcrekli iyile\u015ftirmeyi ve m\u00fc\u015fteri memnuniyetini hedefleyen bir yap\u0131 olu\u015fturduk.<\/li>\n<li data-sourcepos=\"8:1-8:251\"><strong>Sosyal Sorumluluk:<\/strong> &#8216;\u00d6nce insan&#8217; felsefemizi kurumsal kimli\u011fimizin merkezine yerle\u015ftirerek, 2020 y\u0131l\u0131nda ISO 26000:2010 Sosyal Sorumluluk Y\u00f6netim Sistemi belgesini alarak toplumsal fayda yaratmaya y\u00f6nelik \u00e7al\u0131\u015fmalar\u0131m\u0131z\u0131 sistematik hale getirdik.<\/li>\n<li data-sourcepos=\"9:1-9:207\"><strong>M\u00fc\u015fteri Memnuniyeti:<\/strong> M\u00fc\u015fteri odakl\u0131 bir yakla\u015f\u0131mla, 2024 y\u0131l\u0131nda ISO 10002:2018 M\u00fc\u015fteri Memnuniyeti ve \u015eikayetleri Y\u00f6netim Sistemi belgesi alarak m\u00fc\u015fteri ili\u015fkilerimizi daha da g\u00fc\u00e7lendirmeyi ama\u00e7lad\u0131k.<\/li>\n<li data-sourcepos=\"10:1-10:241\"><strong>E\u011fitim Y\u00f6netimi:<\/strong> E\u011fitim sekt\u00f6r\u00fcnde \u00f6nc\u00fc bir kurum olma vizyonumuz do\u011frultusunda, 2024 y\u0131l\u0131nda ISO 21001-2020 E\u011fitim-\u00d6\u011fretim Kurulu\u015flar\u0131 Y\u00f6netim Sistemi belgesi alarak e\u011fitim hizmetlerimizin kalitesini uluslararas\u0131 standartlara ta\u015f\u0131d\u0131k.<\/li>\n<li data-sourcepos=\"11:1-12:0\"><strong>\u0130\u015f S\u00fcreklili\u011fi:<\/strong> Ola\u011fan\u00fcst\u00fc durumlar kar\u015f\u0131s\u0131nda kesintisiz hizmet verebilmek i\u00e7in, 2024 y\u0131l\u0131nda ISO 22301-2019 \u0130\u015f S\u00fcreklili\u011fi Y\u00f6netim Sistemi belgesi alarak i\u015f s\u00fcre\u00e7lerimizin direncini art\u0131rd\u0131k.<\/li>\n<\/ul>\n<\/div>\n\t\t<\/div><\/div><div id=\"panel-gb12870-69f27c84868a3-0-0-2\" class=\"so-panel widget widget_text panel-last-child\" data-index=\"2\" ><div class=\"panel-widget-style panel-widget-style-for-gb12870-69f27c84868a3-0-0-2\" >\t\t\t<div class=\"textwidget\"><p>Y\u00fcksekbilgili E\u011fitim ve Dan\u0131\u015fmanl\u0131k olarak, topluma duydu\u011fumuz bor\u00e7 ve sorumlulukla, m\u00fc\u015fteri ve \u00e7al\u0131\u015fanlar\u0131m\u0131z\u0131n mutlu geleceklerine sahip \u00e7\u0131kar, onlara yol g\u00f6sterir, de\u011fer katar\u0131z. Kurulu\u015fumuzdan beri, kurum olarak sosyal sorumluluk anlay\u0131\u015f\u0131 ile hareket ediyor ve bu y\u00f6nde projeler geli\u015ftirmeye b\u00fcy\u00fck \u00f6nem veriyoruz.<\/p>\n<p>Kurumsal sosyal sorumluluk faaliyet ve uygulamalar\u0131m\u0131zda esas ald\u0131\u011f\u0131m\u0131z temel ilkelerimiz \u015funlard\u0131r:<\/p>\n<ul style=\"margin: 0 0 20px 20px;\">\n<li>Topluma fayda sa\u011flayan ve ki\u015filerin ya\u015fam kalitesini iyile\u015ftirmeyi hedefleyen projeleri geli\u015ftirip, uygulamak.<\/li>\n<li>T\u00fcm sosyal sorumluluk faaliyetlerinde; proje \u00f6nerme, geli\u015ftirme ve uygulama a\u015famalar\u0131nda \u00e7al\u0131\u015fan ve payda\u015flar\u0131n aktif kat\u0131l\u0131m\u0131n\u0131 sa\u011flamak.<\/li>\n<li>Sivil toplum kurulu\u015flar\u0131yla da yak\u0131n i\u015f birli\u011fi i\u00e7inde \u00e7al\u0131\u015fmak.<\/li>\n<\/ul>\n<p>Bu ba\u011flamda, par\u00e7as\u0131 olmaktan b\u00fcy\u00fck gurur duydu\u011fumuz ve imza att\u0131\u011f\u0131m\u0131z inisiyatifler \u015funlar;<\/p>\n<p><strong>\u00a0<\/strong><\/p>\n<p><strong>Kad\u0131nlar\u0131n G\u00fc\u00e7lenmesi Prensipleri<\/strong><\/p>\n<p><a href=\"https:\/\/www.weps.org\/\" target=\"_blank\" rel=\"noopener\"><img decoding=\"async\" class=\"alignnone wp-image-12873 size-medium\" src=\"https:\/\/i0.wp.com\/www.yuksekbilgili.com\/wordpress\/wp-content\/uploads\/2021\/03\/wep-tanitim.png?resize=600%2C212&#038;ssl=1\" alt=\"\" width=\"600\" height=\"212\" data-recalc-dims=\"1\" srcset=\"https:\/\/i0.wp.com\/www.yuksekbilgili.com\/wordpress\/wp-content\/uploads\/2021\/03\/wep-tanitim.png?w=1386&amp;ssl=1 1386w, https:\/\/i0.wp.com\/www.yuksekbilgili.com\/wordpress\/wp-content\/uploads\/2021\/03\/wep-tanitim.png?resize=300%2C106&amp;ssl=1 300w, https:\/\/i0.wp.com\/www.yuksekbilgili.com\/wordpress\/wp-content\/uploads\/2021\/03\/wep-tanitim.png?resize=1024%2C362&amp;ssl=1 1024w, https:\/\/i0.wp.com\/www.yuksekbilgili.com\/wordpress\/wp-content\/uploads\/2021\/03\/wep-tanitim.png?resize=768%2C272&amp;ssl=1 768w\" sizes=\"(max-width: 600px) 100vw, 600px\" \/><\/a><\/p>\n<p>Y\u00fcksekbilgili E\u011fitim ve dan\u0131\u015fmanl\u0131k Birle\u015fmi\u015f Milletler K\u00fcresel \u0130lkeler S\u00f6zle\u015fmesi (UN Global Compact) ile Birle\u015fmi\u015f Milletler Toplumsal Cinsiyet E\u015fitli\u011fi ve Kad\u0131nlar\u0131n G\u00fc\u00e7lendirilmesi Birimi&#8217;nin (UN Women) i\u015fbirli\u011fiyle 2010 y\u0131l\u0131nda olu\u015fturulan \u201cKad\u0131nlar\u0131n G\u00fc\u00e7lenmesi Prensipleri\u201dne (Women&#8217;s Empowerment Principles) 2021 y\u0131l\u0131nda imza att\u0131.<\/p>\n<p>S\u00f6zle\u015fmede yer alan 7 prensip; cinsiyet e\u015fitli\u011finde geli\u015fme sa\u011flayarak, kad\u0131n\u0131n toplumda g\u00fc\u00e7lendirilmesine y\u00f6nelik at\u0131lacak ad\u0131mlar konusunda yol g\u00f6steriyor. Kad\u0131n\u0131n G\u00fc\u00e7lenmesi Prensipleri&#8217;nin ba\u015fl\u0131klar\u0131 \u015fu \u015fekilde olu\u015fuyor;<\/p>\n<ul style=\"margin: 0 0 20px 20px;\">\n<li>Cinsiyet E\u015fitli\u011fi i\u00e7in \u00dcst D\u00fczey Kurumsal Liderlik Sa\u011flanmas\u0131,<\/li>\n<li>T\u00fcm Kad\u0131n ve Erkeklere \u0130\u015fte Adil Davran\u0131lmas\u0131, \u0130nsan Haklar\u0131na ve Ayr\u0131m Yapmama \u0130lkesine Sayg\u0131 G\u00f6sterilmesi, Bu \u0130lkelerin Desteklenmesi,<\/li>\n<li>T\u00fcm Kad\u0131n ve Erkeklere Sa\u011fl\u0131k, G\u00fcvenlik ve Refah Sa\u011flanmas\u0131,<\/li>\n<li>Kad\u0131nlar\u0131n E\u011fitim, Kurs ve Profesyonel Geli\u015fim \u0130mkanlar\u0131yla Desteklenmesi,<\/li>\n<li>Kad\u0131nlar\u0131 G\u00fc\u00e7lendiren Giri\u015fimci Geli\u015fimi, Tedarik Zinciri ve Pazarlama &#8211; Toplumsal \u0130nisiyatifler ve Destekler Arac\u0131l\u0131\u011f\u0131yla E\u015fitli\u011fin Te\u015fvik Edilmesi,<\/li>\n<li>Cinsiyet E\u015fitli\u011finin Sa\u011flanmas\u0131 i\u00e7in Geli\u015fimin \u00d6l\u00e7\u00fclmesi ve Halka A\u00e7\u0131k Raporlanmas\u0131<\/li>\n<\/ul>\n<p><strong>He For She<\/strong><\/p>\n<p><a href=\"https:\/\/www.heforshe.org\/tr\" target=\"_blank\" rel=\"noopener\"><img decoding=\"async\" class=\"alignnone wp-image-12862 size-full\" src=\"https:\/\/i0.wp.com\/www.yuksekbilgili.com\/wordpress\/wp-content\/uploads\/2021\/03\/yuksekbilgili-egitim-heforshe-inisiyatifini-destekledigini-acikladi-150321101004_m2.jpg?resize=600%2C400&#038;ssl=1\" alt=\"\" width=\"600\" height=\"400\" data-recalc-dims=\"1\" srcset=\"https:\/\/i0.wp.com\/www.yuksekbilgili.com\/wordpress\/wp-content\/uploads\/2021\/03\/yuksekbilgili-egitim-heforshe-inisiyatifini-destekledigini-acikladi-150321101004_m2.jpg?w=600&amp;ssl=1 600w, https:\/\/i0.wp.com\/www.yuksekbilgili.com\/wordpress\/wp-content\/uploads\/2021\/03\/yuksekbilgili-egitim-heforshe-inisiyatifini-destekledigini-acikladi-150321101004_m2.jpg?resize=300%2C200&amp;ssl=1 300w, https:\/\/i0.wp.com\/www.yuksekbilgili.com\/wordpress\/wp-content\/uploads\/2021\/03\/yuksekbilgili-egitim-heforshe-inisiyatifini-destekledigini-acikladi-150321101004_m2.jpg?resize=272%2C182&amp;ssl=1 272w\" sizes=\"(max-width: 600px) 100vw, 600px\" \/><\/a><\/p>\n<p>Y\u00fcksekbilgili E\u011fitim ve Dan\u0131\u015fmanl\u0131k olarak, Birle\u015fmi\u015f Milletler Toplumsal Cinsiyet E\u015fitli\u011fi ve Kad\u0131n\u0131n G\u00fc\u00e7lenmesi Birimi (UN Women) taraf\u0131ndan ba\u015flat\u0131lan ve cinsiyet ayr\u0131m\u0131 g\u00f6zetmeksizin her ya\u015ftan insan\u0131 toplumsal cinsiyet e\u015fitli\u011fi ve kad\u0131n haklar\u0131 i\u00e7in de\u011fi\u015fimin savunucusu ve temsilcisi olmaya \u00e7a\u011f\u0131ran dayan\u0131\u015fma kampanyas\u0131 #\u200eHeForShe inisiyatifini destekliyoruz.<\/p>\n<p>Kampanya, kad\u0131nlara ve k\u0131z \u00e7ocuklar\u0131na kar\u015f\u0131 her t\u00fcrl\u00fc ayr\u0131mc\u0131l\u0131\u011f\u0131 ve \u015fiddeti ortadan kald\u0131rmak i\u00e7in \u00f6ncelikli olarak erkeklerin almas\u0131 gereken sorumlulukla ilgili fark\u0131ndal\u0131k yaratmay\u0131 ve harekete ge\u00e7ilmesini te\u015fvik ediyor.<\/p>\n<p>2014 y\u0131l\u0131ndaki lansman kampanyas\u0131ndan bu zamana kadar T\u00fcrkiye&#8217;den ise 40 binin \u00fczerinde kat\u0131l\u0131mc\u0131 destek veriyor.<\/p>\n<p>Kampanyan\u0131n genel hedefi, kad\u0131nlara kar\u015f\u0131 her t\u00fcrl\u00fc ayr\u0131mc\u0131l\u0131\u011f\u0131, kad\u0131nlara kar\u015f\u0131 her t\u00fcrl\u00fc \u015fiddeti ortadan kald\u0131rmakta her ya\u015ftan bireylerin sahip oldu\u011fu sorumluluk hakk\u0131nda fark\u0131ndal\u0131k yaratmak ve harekete ge\u00e7ilmesini sa\u011flamakt\u0131r. Di\u011fer hedefler aras\u0131nda \u015funlar say\u0131labilir:<\/p>\n<ul style=\"margin: 0 0 20px 20px;\">\n<li>UN Women: BM kurulu\u015flar\u0131 ve \u00fclke ofisleri taraf\u0131ndan erkeklerin toplumsal cinsiyet e\u015fitli\u011fini desteklemeye tam kat\u0131l\u0131m\u0131 i\u00e7in s\u00fcrd\u00fcr\u00fclebilir ve d\u00f6n\u00fc\u015ft\u00fcr\u00fcc\u00fc programlar geli\u015ftirilmesini sa\u011flamak.<\/li>\n<li>Resmi kurumlar: Erkek \u00f6rg\u00fctleri ve di\u011fer sivil toplum kurulu\u015flar\u0131yla, \u00fcniversite ve y\u00fcksekokullarla i\u015fbirli\u011fi yaparak kendi topluluklar\u0131 i\u00e7inde HeForShe etkinlikleri ve kampanyalar\u0131 yaratmak ve tan\u0131tmak.<\/li>\n<li>Her ya\u015ftan kad\u0131na uygulanan \u015fiddete ve cinsiyet bazl\u0131 ayr\u0131mc\u0131l\u0131\u011fa kars\u0131 harekete ge\u00e7meleri i\u00e7in insanlara ilham vermek.<\/li>\n<li>D\u00fcnya \u00e7ap\u0131nda kad\u0131nlara uygulanan \u015fiddete ve cinsiyet bazl\u0131 ayr\u0131mc\u0131l\u0131\u011fa kars\u0131 harekete ge\u00e7en erkeklerin rol modelleri olarak \u00f6ne \u00e7\u0131kar\u0131laca\u011f\u0131 bir platform yaratmak.<\/li>\n<\/ul>\n<\/div>\n\t\t<\/div><\/div><\/div><\/div><\/div><\/div>","protected":false},"excerpt":{"rendered":"","protected":false},"author":1,"featured_media":0,"parent":0,"menu_order":0,"comment_status":"closed","ping_status":"closed","template":"","meta":{"content-type":"","neve_meta_sidebar":"full-width","neve_meta_container":"contained","neve_meta_enable_content_width":"on","neve_meta_content_width":100,"neve_meta_title_alignment":"","neve_meta_author_avatar":"","neve_post_elements_order":"","neve_meta_disable_header":"off","neve_meta_disable_footer":"","neve_meta_disable_title":"on","_ti_tpc_template_sync":false,"_ti_tpc_template_id":""},"categories":[],"tags":[],"yoast_head":"<!-- This site is optimized with the Yoast SEO plugin v20.3 - https:\/\/yoast.com\/wordpress\/plugins\/seo\/ -->\n<title>Politika ve \u0130lkelerimiz - Y\u00fcksekbilgili E\u011fitim ve Dan\u0131\u015fmanl\u0131k<\/title>\n<meta name=\"description\" content=\"Organizasyonunuzun her bir bireyine e\u011fitim ve geli\u015fim s\u00fcrecindeki u\u00e7tan uca, e\u011fitim \u00f6ncesi ve sonras\u0131n\u0131 da kapsayan b\u00fct\u00fcnle\u015fik bir \u00f6\u011frenme deneyiminden faydalanabilirsiniz.\" \/>\n<meta name=\"robots\" content=\"index, follow, max-snippet:-1, max-image-preview:large, max-video-preview:-1\" \/>\n<link rel=\"canonical\" href=\"https:\/\/www.yuksekbilgili.com\/wordpress\/politika-ve-ilkelerimiz\/\" \/>\n<meta property=\"og:locale\" content=\"tr_TR\" \/>\n<meta property=\"og:type\" content=\"article\" \/>\n<meta property=\"og:title\" content=\"Politika ve \u0130lkelerimiz - Y\u00fcksekbilgili E\u011fitim ve Dan\u0131\u015fmanl\u0131k\" \/>\n<meta property=\"og:description\" content=\"Organizasyonunuzun her bir bireyine e\u011fitim ve geli\u015fim s\u00fcrecindeki u\u00e7tan uca, e\u011fitim \u00f6ncesi ve sonras\u0131n\u0131 da kapsayan b\u00fct\u00fcnle\u015fik bir \u00f6\u011frenme deneyiminden faydalanabilirsiniz.\" \/>\n<meta property=\"og:url\" content=\"https:\/\/www.yuksekbilgili.com\/wordpress\/politika-ve-ilkelerimiz\/\" \/>\n<meta property=\"og:site_name\" content=\"Y\u00fcksekbilgili E\u011fitim ve Dan\u0131\u015fmanl\u0131k\" \/>\n<meta property=\"article:publisher\" content=\"https:\/\/facebook.com\/yuksekbilgiliegitim\" \/>\n<meta property=\"article:modified_time\" content=\"2024-12-26T14:52:01+00:00\" \/>\n<meta property=\"og:image\" content=\"https:\/\/i0.wp.com\/www.yuksekbilgili.com\/wordpress\/wp-content\/uploads\/2021\/03\/wep-tanitim.png?resize=600%2C212&#038;ssl=1\" \/>\n<meta name=\"twitter:card\" content=\"summary_large_image\" \/>\n<meta name=\"twitter:label1\" content=\"Tahmini okuma s\u00fcresi\" \/>\n\t<meta name=\"twitter:data1\" content=\"5 dakika\" \/>\n<script type=\"application\/ld+json\" class=\"yoast-schema-graph\">{\"@context\":\"https:\/\/schema.org\",\"@graph\":[{\"@type\":\"WebPage\",\"@id\":\"https:\/\/www.yuksekbilgili.com\/wordpress\/politika-ve-ilkelerimiz\/\",\"url\":\"https:\/\/www.yuksekbilgili.com\/wordpress\/politika-ve-ilkelerimiz\/\",\"name\":\"Politika ve \u0130lkelerimiz - Y\u00fcksekbilgili E\u011fitim ve Dan\u0131\u015fmanl\u0131k\",\"isPartOf\":{\"@id\":\"https:\/\/www.yuksekbilgili.com\/wordpress\/#website\"},\"datePublished\":\"2021-03-16T14:13:23+00:00\",\"dateModified\":\"2024-12-26T14:52:01+00:00\",\"description\":\"Organizasyonunuzun her bir bireyine e\u011fitim ve geli\u015fim s\u00fcrecindeki u\u00e7tan uca, e\u011fitim \u00f6ncesi ve sonras\u0131n\u0131 da kapsayan b\u00fct\u00fcnle\u015fik bir \u00f6\u011frenme deneyiminden faydalanabilirsiniz.\",\"breadcrumb\":{\"@id\":\"https:\/\/www.yuksekbilgili.com\/wordpress\/politika-ve-ilkelerimiz\/#breadcrumb\"},\"inLanguage\":\"tr\",\"potentialAction\":[{\"@type\":\"ReadAction\",\"target\":[\"https:\/\/www.yuksekbilgili.com\/wordpress\/politika-ve-ilkelerimiz\/\"]}]},{\"@type\":\"BreadcrumbList\",\"@id\":\"https:\/\/www.yuksekbilgili.com\/wordpress\/politika-ve-ilkelerimiz\/#breadcrumb\",\"itemListElement\":[{\"@type\":\"ListItem\",\"position\":1,\"name\":\"Ana sayfa\",\"item\":\"https:\/\/www.yuksekbilgili.com\/wordpress\/\"},{\"@type\":\"ListItem\",\"position\":2,\"name\":\"Politika ve \u0130lkelerimiz\"}]},{\"@type\":\"WebSite\",\"@id\":\"https:\/\/www.yuksekbilgili.com\/wordpress\/#website\",\"url\":\"https:\/\/www.yuksekbilgili.com\/wordpress\/\",\"name\":\"Y\u00fcksekbilgili E\u011fitim ve Dan\u0131\u015fmanl\u0131k\",\"description\":\"\u00d6\u011frenme Deneyimi \u00c7\u00f6z\u00fcmleri\",\"publisher\":{\"@id\":\"https:\/\/www.yuksekbilgili.com\/wordpress\/#organization\"},\"potentialAction\":[{\"@type\":\"SearchAction\",\"target\":{\"@type\":\"EntryPoint\",\"urlTemplate\":\"https:\/\/www.yuksekbilgili.com\/wordpress\/?s={search_term_string}\"},\"query-input\":\"required name=search_term_string\"}],\"inLanguage\":\"tr\"},{\"@type\":\"Organization\",\"@id\":\"https:\/\/www.yuksekbilgili.com\/wordpress\/#organization\",\"name\":\"Y\u00fcksekbilgili E\u011fitim ve Dan\u0131\u015fmanl\u0131k Ltd. \u015eti.\",\"url\":\"https:\/\/www.yuksekbilgili.com\/wordpress\/\",\"logo\":{\"@type\":\"ImageObject\",\"inLanguage\":\"tr\",\"@id\":\"https:\/\/www.yuksekbilgili.com\/wordpress\/#\/schema\/logo\/image\/\",\"url\":\"https:\/\/www.yuksekbilgili.com\/wordpress\/wp-content\/uploads\/2020\/11\/yuksekbilgili-logo.png\",\"contentUrl\":\"https:\/\/www.yuksekbilgili.com\/wordpress\/wp-content\/uploads\/2020\/11\/yuksekbilgili-logo.png\",\"width\":3250,\"height\":1000,\"caption\":\"Y\u00fcksekbilgili E\u011fitim ve Dan\u0131\u015fmanl\u0131k Ltd. \u015eti.\"},\"image\":{\"@id\":\"https:\/\/www.yuksekbilgili.com\/wordpress\/#\/schema\/logo\/image\/\"},\"sameAs\":[\"https:\/\/facebook.com\/yuksekbilgiliegitim\",\"https:\/\/www.instagram.com\/yuksekbilgiliegitim\/\",\"http:\/\/www.linkedin.com\/company\/yuksekbilgili\",\"https:\/\/www.youtube.com\/channel\/UCsa2vf8uO-zuLGidbJ6ocZg\"]}]}<\/script>\n<!-- \/ Yoast SEO plugin. -->","yoast_head_json":{"title":"Politika ve \u0130lkelerimiz - Y\u00fcksekbilgili E\u011fitim ve Dan\u0131\u015fmanl\u0131k","description":"Organizasyonunuzun her bir bireyine e\u011fitim ve geli\u015fim s\u00fcrecindeki u\u00e7tan uca, e\u011fitim \u00f6ncesi ve sonras\u0131n\u0131 da kapsayan b\u00fct\u00fcnle\u015fik bir \u00f6\u011frenme deneyiminden faydalanabilirsiniz.","robots":{"index":"index","follow":"follow","max-snippet":"max-snippet:-1","max-image-preview":"max-image-preview:large","max-video-preview":"max-video-preview:-1"},"canonical":"https:\/\/www.yuksekbilgili.com\/wordpress\/politika-ve-ilkelerimiz\/","og_locale":"tr_TR","og_type":"article","og_title":"Politika ve \u0130lkelerimiz - Y\u00fcksekbilgili E\u011fitim ve Dan\u0131\u015fmanl\u0131k","og_description":"Organizasyonunuzun her bir bireyine e\u011fitim ve geli\u015fim s\u00fcrecindeki u\u00e7tan uca, e\u011fitim \u00f6ncesi ve sonras\u0131n\u0131 da kapsayan b\u00fct\u00fcnle\u015fik bir \u00f6\u011frenme deneyiminden faydalanabilirsiniz.","og_url":"https:\/\/www.yuksekbilgili.com\/wordpress\/politika-ve-ilkelerimiz\/","og_site_name":"Y\u00fcksekbilgili E\u011fitim ve Dan\u0131\u015fmanl\u0131k","article_publisher":"https:\/\/facebook.com\/yuksekbilgiliegitim","article_modified_time":"2024-12-26T14:52:01+00:00","og_image":[{"url":"https:\/\/i0.wp.com\/www.yuksekbilgili.com\/wordpress\/wp-content\/uploads\/2021\/03\/wep-tanitim.png?resize=600%2C212&#038;ssl=1"}],"twitter_card":"summary_large_image","twitter_misc":{"Tahmini okuma s\u00fcresi":"5 dakika"},"schema":{"@context":"https:\/\/schema.org","@graph":[{"@type":"WebPage","@id":"https:\/\/www.yuksekbilgili.com\/wordpress\/politika-ve-ilkelerimiz\/","url":"https:\/\/www.yuksekbilgili.com\/wordpress\/politika-ve-ilkelerimiz\/","name":"Politika ve \u0130lkelerimiz - Y\u00fcksekbilgili E\u011fitim ve Dan\u0131\u015fmanl\u0131k","isPartOf":{"@id":"https:\/\/www.yuksekbilgili.com\/wordpress\/#website"},"datePublished":"2021-03-16T14:13:23+00:00","dateModified":"2024-12-26T14:52:01+00:00","description":"Organizasyonunuzun her bir bireyine e\u011fitim ve geli\u015fim s\u00fcrecindeki u\u00e7tan uca, e\u011fitim \u00f6ncesi ve sonras\u0131n\u0131 da kapsayan b\u00fct\u00fcnle\u015fik bir \u00f6\u011frenme deneyiminden faydalanabilirsiniz.","breadcrumb":{"@id":"https:\/\/www.yuksekbilgili.com\/wordpress\/politika-ve-ilkelerimiz\/#breadcrumb"},"inLanguage":"tr","potentialAction":[{"@type":"ReadAction","target":["https:\/\/www.yuksekbilgili.com\/wordpress\/politika-ve-ilkelerimiz\/"]}]},{"@type":"BreadcrumbList","@id":"https:\/\/www.yuksekbilgili.com\/wordpress\/politika-ve-ilkelerimiz\/#breadcrumb","itemListElement":[{"@type":"ListItem","position":1,"name":"Ana sayfa","item":"https:\/\/www.yuksekbilgili.com\/wordpress\/"},{"@type":"ListItem","position":2,"name":"Politika ve \u0130lkelerimiz"}]},{"@type":"WebSite","@id":"https:\/\/www.yuksekbilgili.com\/wordpress\/#website","url":"https:\/\/www.yuksekbilgili.com\/wordpress\/","name":"Y\u00fcksekbilgili E\u011fitim ve Dan\u0131\u015fmanl\u0131k","description":"\u00d6\u011frenme Deneyimi \u00c7\u00f6z\u00fcmleri","publisher":{"@id":"https:\/\/www.yuksekbilgili.com\/wordpress\/#organization"},"potentialAction":[{"@type":"SearchAction","target":{"@type":"EntryPoint","urlTemplate":"https:\/\/www.yuksekbilgili.com\/wordpress\/?s={search_term_string}"},"query-input":"required name=search_term_string"}],"inLanguage":"tr"},{"@type":"Organization","@id":"https:\/\/www.yuksekbilgili.com\/wordpress\/#organization","name":"Y\u00fcksekbilgili E\u011fitim ve Dan\u0131\u015fmanl\u0131k Ltd. \u015eti.","url":"https:\/\/www.yuksekbilgili.com\/wordpress\/","logo":{"@type":"ImageObject","inLanguage":"tr","@id":"https:\/\/www.yuksekbilgili.com\/wordpress\/#\/schema\/logo\/image\/","url":"https:\/\/www.yuksekbilgili.com\/wordpress\/wp-content\/uploads\/2020\/11\/yuksekbilgili-logo.png","contentUrl":"https:\/\/www.yuksekbilgili.com\/wordpress\/wp-content\/uploads\/2020\/11\/yuksekbilgili-logo.png","width":3250,"height":1000,"caption":"Y\u00fcksekbilgili E\u011fitim ve Dan\u0131\u015fmanl\u0131k Ltd. \u015eti."},"image":{"@id":"https:\/\/www.yuksekbilgili.com\/wordpress\/#\/schema\/logo\/image\/"},"sameAs":["https:\/\/facebook.com\/yuksekbilgiliegitim","https:\/\/www.instagram.com\/yuksekbilgiliegitim\/","http:\/\/www.linkedin.com\/company\/yuksekbilgili","https:\/\/www.youtube.com\/channel\/UCsa2vf8uO-zuLGidbJ6ocZg"]}]}},"_links":{"self":[{"href":"https:\/\/www.yuksekbilgili.com\/wordpress\/wp-json\/wp\/v2\/pages\/12870"}],"collection":[{"href":"https:\/\/www.yuksekbilgili.com\/wordpress\/wp-json\/wp\/v2\/pages"}],"about":[{"href":"https:\/\/www.yuksekbilgili.com\/wordpress\/wp-json\/wp\/v2\/types\/page"}],"author":[{"embeddable":true,"href":"https:\/\/www.yuksekbilgili.com\/wordpress\/wp-json\/wp\/v2\/users\/1"}],"replies":[{"embeddable":true,"href":"https:\/\/www.yuksekbilgili.com\/wordpress\/wp-json\/wp\/v2\/comments?post=12870"}],"version-history":[{"count":7,"href":"https:\/\/www.yuksekbilgili.com\/wordpress\/wp-json\/wp\/v2\/pages\/12870\/revisions"}],"predecessor-version":[{"id":22078,"href":"https:\/\/www.yuksekbilgili.com\/wordpress\/wp-json\/wp\/v2\/pages\/12870\/revisions\/22078"}],"wp:attachment":[{"href":"https:\/\/www.yuksekbilgili.com\/wordpress\/wp-json\/wp\/v2\/media?parent=12870"}],"wp:term":[{"taxonomy":"category","embeddable":true,"href":"https:\/\/www.yuksekbilgili.com\/wordpress\/wp-json\/wp\/v2\/categories?post=12870"},{"taxonomy":"post_tag","embeddable":true,"href":"https:\/\/www.yuksekbilgili.com\/wordpress\/wp-json\/wp\/v2\/tags?post=12870"}],"curies":[{"name":"wp","href":"https:\/\/api.w.org\/{rel}","templated":true}]}}